{"id":853,"date":"2024-06-05T22:40:20","date_gmt":"2024-06-05T20:40:20","guid":{"rendered":"https:\/\/medicosanitario.com\/?post_type=product&#038;p=853"},"modified":"2024-10-28T10:11:44","modified_gmt":"2024-10-28T09:11:44","slug":"colchon-turmagraf","status":"publish","type":"product","link":"https:\/\/medicosanitario.com\/index.php\/producto\/colchon-turmagraf\/","title":{"rendered":"Colch\u00f3n Turmagraf"},"content":{"rendered":"<p><strong>COLCH\u00d3N TURMAGRAF<\/strong><\/p>\n<p>Si apuestas por la innovaci\u00f3n en el descanso, sin duda TURMAGRAF es la<br \/>\nopci\u00f3n que est\u00e1s buscando. El mundo de la tecnolog\u00eda est\u00e1 muy implicado<br \/>\nen la fabricaci\u00f3n de estos elementos imprescindibles para el descanso y la<br \/>\nturmalina y el grafeno son una de las mejores soluciones que puedes<br \/>\nencontrar en la actualidad.<\/p>\n<p>A la hora de fabricar los colchones no se utiliza solo la turmalina y el<br \/>\ngrafeno, sino que va acompa\u00f1ado de otros materiales. El mejor es la<br \/>\nviscoel\u00e1stica. De hecho, es la combinaci\u00f3n perfecta para conseguir el<br \/>\nmejor descanso.<\/p>\n<p>&nbsp;<\/p>\n<p><strong>\u00bfQue beneficios aporta la turmalina?<\/strong><\/p>\n<p>La turmalina es un material con capacidad de emisi\u00f3n i\u00f3nica. Aplicado en<br \/>\nlos tejidos, la turmalina tiene la capacidad de emitir iones negativos que<br \/>\nequilibran la sobrecarga de iones positivos a los que estamos expuestos<br \/>\ncada dia debido a los aparatos el\u00e9ctricos que nos rodean. De origen<br \/>\nnatural, la turmalina ayuda a equilibrar las particulas positivas y concreta-<br \/>\nmente,en la aplicaci\u00f3n sobre tejidos consigue crear g\u00e9nerosos beneficios<br \/>\npara el descanso. Un colch\u00f3n con turmalina ofrece un descanso reparador.<\/p>\n<ul>\n<li>Act\u00faa contra depresiones o neurosis<\/li>\n<li>Produce un campo sanador entre los iones positivos<\/li>\n<li>Act\u00faa sobre la piel, huesos, ligamentos, cart\u00edlagos y articulaciones<\/li>\n<li>Sirve como cicatrizante en heridas<\/li>\n<li>Protege de las radiaciones de los tel\u00e9fonos m\u00f3viles<\/li>\n<li>Neutralizadora de energ\u00edas ambientales, por lo cual se coloca en<br \/>\nlos lugares donde uno m\u00e1s est\u00e1<\/li>\n<li>Tiene el poder de cargarse as\u00ed misma el\u00e9ctricamente bajo los<br \/>\nefectos del calor, el fr\u00edo o la presi\u00f3n<\/li>\n<li>Propiedad regenaradora de c\u00e9lulas<\/li>\n<li>Reestablece el equilibrio electroqu\u00edmico del cuerpo, energiza el<br \/>\nsistema circulatorio, nervioso, muscular e inmunitario<\/li>\n<\/ul>\n<p>&nbsp;<\/p>\n<p><strong>\u00bfQu\u00e9 beneficios aporta el grafeno?<\/strong><\/p>\n<p>El grafeno es una forma en la que se presenta el carbono. Es sabido que el<br \/>\ncarbono es esencial para la vida tal y como la conocemos, y es tambi\u00e9n el<br \/>\ncomponente de muchos minerales y combustibles. Sus utilidades en el<br \/>\ndescanso son m\u00faltiples y diversas.<\/p>\n<ul>\n<li>Su hiperconductividad permite disipar el calor en el lecho del<br \/>\ncolch\u00f3n consiguiendo una temperatura \u00f3ptima en el descanso.<\/li>\n<li>No altera las propiedades de las espumaciones con las que se<br \/>\ncombina<\/li>\n<li>Es altamente el\u00e1stico y muy transpirable, ideal en los productos de<br \/>\ndescanso<\/li>\n<li>Su efecto ionizante permite descargar de electricidad est\u00e1tica al<br \/>\ncolch\u00f3n y sus usuarios<\/li>\n<li>Es uno de los materiales m\u00e1s resistentes que se conocen, otorgando<br \/>\nmayor longevidad a los materiales con los que se combinan<\/li>\n<\/ul>\n<p>&nbsp;<\/p>\n<p>El colch\u00f3n <strong>TURMAGRAF <\/strong>est\u00e1 fabricado con la \u00faltima tecnolog\u00eda y las mejores materias primas en el mundo del descanso:<\/p>\n<ul>\n<li>Tejido TURMALINA GRAFENO<\/li>\n<li>N\u00facleo HR DE ALTA DENSIDAD<\/li>\n<li>VISCOELASTICA<\/li>\n<li>OEKO-TEX Standar 100<\/li>\n<\/ul>\n<p>&nbsp;<\/p>\n<p><img fetchpriority=\"high\" decoding=\"async\" class=\"alignnone size-full wp-image-1127\" src=\"https:\/\/medicosanitario.com\/wp-content\/uploads\/2024\/06\/PreciosColchonTumagraph.png\" alt=\"\" width=\"740\" height=\"670\" srcset=\"https:\/\/medicosanitario.com\/wp-content\/uploads\/2024\/06\/PreciosColchonTumagraph.png 740w, https:\/\/medicosanitario.com\/wp-content\/uploads\/2024\/06\/PreciosColchonTumagraph-300x272.png 300w, https:\/\/medicosanitario.com\/wp-content\/uploads\/2024\/06\/PreciosColchonTumagraph-530x480.png 530w\" sizes=\"(max-width: 740px) 100vw, 740px\" \/><\/p>\n<p>&nbsp;<\/p>\n","protected":false},"excerpt":{"rendered":"<p>COLCH\u00d3N TURMAGRAF Si apuestas por la innovaci\u00f3n en el descanso, sin duda TURMAGRAF es la opci\u00f3n que est\u00e1s buscando. El mundo de la tecnolog\u00eda est\u00e1 muy implicado en la fabricaci\u00f3n de estos elementos imprescindibles para el descanso y la turmalina y el grafeno son una de las mejores soluciones que puedes encontrar en la actualidad. [&hellip;]<\/p>\n","protected":false},"featured_media":855,"comment_status":"open","ping_status":"closed","template":"","meta":[],"product_cat":[42,29],"product_tag":[],"class_list":{"0":"post-853","1":"product","2":"type-product","3":"status-publish","4":"has-post-thumbnail","6":"product_cat-https-medicosanitario-com-catalogo","7":"product_cat-colchones","9":"first","10":"instock","11":"shipping-taxable","12":"product-type-simple"},"jetpack_sharing_enabled":true,"_links":{"self":[{"href":"https:\/\/medicosanitario.com\/index.php\/wp-json\/wp\/v2\/product\/853","targetHints":{"allow":["GET"]}}],"collection":[{"href":"https:\/\/medicosanitario.com\/index.php\/wp-json\/wp\/v2\/product"}],"about":[{"href":"https:\/\/medicosanitario.com\/index.php\/wp-json\/wp\/v2\/types\/product"}],"replies":[{"embeddable":true,"href":"https:\/\/medicosanitario.com\/index.php\/wp-json\/wp\/v2\/comments?post=853"}],"wp:featuredmedia":[{"embeddable":true,"href":"https:\/\/medicosanitario.com\/index.php\/wp-json\/wp\/v2\/media\/855"}],"wp:attachment":[{"href":"https:\/\/medicosanitario.com\/index.php\/wp-json\/wp\/v2\/media?parent=853"}],"wp:term":[{"taxonomy":"product_cat","embeddable":true,"href":"https:\/\/medicosanitario.com\/index.php\/wp-json\/wp\/v2\/product_cat?post=853"},{"taxonomy":"product_tag","embeddable":true,"href":"https:\/\/medicosanitario.com\/index.php\/wp-json\/wp\/v2\/product_tag?post=853"}],"curies":[{"name":"wp","href":"https:\/\/api.w.org\/{rel}","templated":true}]}}