{"id":837,"date":"2024-05-24T10:05:58","date_gmt":"2024-05-24T08:05:58","guid":{"rendered":"https:\/\/medicosanitario.com\/?post_type=product&#038;p=837"},"modified":"2024-11-05T09:38:32","modified_gmt":"2024-11-05T08:38:32","slug":"crema-elixir-300gr-reafirmante-y-humectante","status":"publish","type":"product","link":"https:\/\/medicosanitario.com\/index.php\/producto\/crema-elixir-300gr-reafirmante-y-humectante\/","title":{"rendered":"Crema Elixir 300gr Reafirmante y Humectante"},"content":{"rendered":"<pre>Cream Mousse Pieles Mixtas o Da\u00f1adas<\/pre>\n<p>Descubre la Crema Elixir 300gr Reafirmante y Humectante de\u00a0<strong>Grupo Delorean,\u00a0<\/strong>el futuro del cuidado de la piel:<\/p>\n<ul data-sourcepos=\"14:1-18:0\">\n<li data-sourcepos=\"14:1-14:84\"><strong>Reduce la apariencia de la piel de naranja<\/strong><\/li>\n<li data-sourcepos=\"15:1-15:72\"><strong>Mejora la textura de la piel<\/strong><\/li>\n<li data-sourcepos=\"16:1-16:53\"><strong>Tonifica la piel<\/strong><\/li>\n<li data-sourcepos=\"17:1-18:0\"><strong>Protege la piel de los radicales libres<\/strong><\/li>\n<\/ul>\n<div class=\"liner-continer\">\n<h4 class=\"woodmart-title-container title wd-fontsize-xxxl\">Nueva colecci\u00f3n Cream Mousse<\/h4>\n<\/div>\n<div class=\"title-after_title set-cont-mb-s reset-last-child wd-fontsize-s\">\n<p>Descubre la nueva colecci\u00f3n Cream Mousse, una experiencia sensorial \u00fanica, m\u00e1s que una crema, un elixir de hidrataci\u00f3n profunda:<\/p>\n<p>Tecnolog\u00eda innovadora:\u00a0Enriquecida con mol\u00e9culas H2O y poderosas enzimas que penetran en las capas m\u00e1s profundas de la piel.<br \/>\nCultivo rico en nutrientes: Crea un ambiente ideal para la absorci\u00f3n de nutrientes.<br \/>\nHidrataci\u00f3n de larga duraci\u00f3n:\u00a0Mantiene la piel hidratada durante al menos 72 horas.<br \/>\nTextura ligera y de r\u00e1pida absorci\u00f3n:\u00a0No deja sensaci\u00f3n de grasa y se adapta a todo tipo de pieles.<br \/>\nExcipientes exclusivos:\u00a0Formulada con ingredientes de la m\u00e1s alta calidad.<br \/>\nAromas intensos, dulces y afrutados:\u00a0Disfruta de una fragancia irresistible.<\/p>\n<div class=\"liner-continer\">\n<h2 class=\"woodmart-title-container title wd-fontsize-xxxl\">Excipientes Exclusivos<\/h2>\n<\/div>\n<div class=\"title-after_title set-cont-mb-s reset-last-child wd-fontsize-s\">\n<p>Descubre los ingredientes secretos que hacen de la Crema Elixir 300gr Reafirmante y Humectante de Grupo Delorean una experiencia \u00fanica para tu piel:<br \/>\nExtracto de Centella Asi\u00e1tica: Potente cicatrizante, hidratante y nutritivo, difumina las marcas de acn\u00e9.<br \/>\nRosa Mosqueta: Regenerador natural, antioxidante, rica en vitaminas A y C.<br \/>\nAceite de C\u00e1\u00f1amo: Antiinflamatorio, equilibra la producci\u00f3n de sebo, rico en \u00e1cidos grasos esenciales.<br \/>\nCoenzima Q10: Antioxidante potente, efecto reafirmante, reduce las arrugas y l\u00edneas de expresi\u00f3n.<br \/>\n\u00c1cido Hialur\u00f3nico: Hidratante de alta eficacia, rellena las arrugas y l\u00edneas de expresi\u00f3n, mejora la textura de la piel.<\/p>\n<div class=\"wd-negative-gap elementor-element elementor-element-af2e194 wd-section-stretch-content e-flex e-con-boxed e-con e-parent\" data-id=\"af2e194\" data-element_type=\"container\" data-settings=\"{&quot;background_background&quot;:&quot;classic&quot;}\" data-core-v316-plus=\"true\">\n<div class=\"e-con-inner\">\n<div class=\"elementor-element elementor-element-3dc4046 color-scheme-light e-con-full e-flex e-con e-child\" data-id=\"3dc4046\" data-element_type=\"container\">\n<div class=\"elementor-element elementor-element-ddf37c9 wd-width-100 elementor-widget elementor-widget-wd_title\" data-id=\"ddf37c9\" data-element_type=\"widget\" data-widget_type=\"wd_title.default\">\n<div class=\"elementor-widget-container\">\n<div class=\"title-wrapper set-mb-s reset-last-child wd-title-color-default wd-title-style-default wd-title-size-default text-center\">\n<div class=\"liner-continer\">\n<h4 class=\"woodmart-title-container title wd-fontsize-l\">Crema W.M.F. Womanflirt<\/h4>\n<\/div>\n<\/div>\n<\/div>\n<\/div>\n<div class=\"elementor-element elementor-element-33f71da elementor-widget-mobile__width-initial wd-width-100 elementor-widget elementor-widget-wd_title\" data-id=\"33f71da\" data-element_type=\"widget\" data-widget_type=\"wd_title.default\">\n<div class=\"elementor-widget-container\">\n<div class=\"title-wrapper set-mb-s reset-last-child wd-title-color-default wd-title-style-default wd-title-size-default text-center\">\n<div class=\"liner-continer\">\n<h4 class=\"woodmart-title-container title wd-fontsize-l wd-underline-colored\">Reafirmante y Humectante, Repara Los Da\u00f1os En La Piel.<\/h4>\n<\/div>\n<\/div>\n<\/div>\n<\/div>\n<\/div>\n<\/div>\n<\/div>\n<div class=\"elementor-element elementor-element-58d5872 wd-section-stretch-content e-flex e-con-boxed e-con e-parent\" data-id=\"58d5872\" data-element_type=\"container\" data-core-v316-plus=\"true\">\n<div class=\"e-con-inner\">\n<div class=\"elementor-element elementor-element-28773d5 e-con-full e-flex e-con e-child\" data-id=\"28773d5\" data-element_type=\"container\" data-settings=\"{&quot;background_background&quot;:&quot;classic&quot;}\"><\/div>\n<div class=\"elementor-element elementor-element-b36498e e-con-full e-flex e-con e-child\" data-id=\"b36498e\" data-element_type=\"container\">\n<div class=\"elementor-element elementor-element-a7d749f e-con-full e-flex e-con e-child\" data-id=\"a7d749f\" data-element_type=\"container\">\n<div class=\"elementor-element elementor-element-49c710b wd-width-100 elementor-widget elementor-widget-wd_title\" data-id=\"49c710b\" data-element_type=\"widget\" data-widget_type=\"wd_title.default\">\n<div class=\"elementor-widget-container\">\n<div class=\"title-wrapper set-mb-s reset-last-child wd-title-color-default wd-title-style-default wd-title-size-extra-large text-left\">\n<div class=\"liner-continer\">\n<h4 class=\"woodmart-title-container title wd-fontsize-xxxl\">Aroma Afrutado Canela de Ceyl\u00e1n<\/h4>\n<\/div>\n<div class=\"title-after_title set-cont-mb-s reset-last-child wd-fontsize-s\">\n<p>Descubre el poder del Aroma Afrutado Canela de Ceyl\u00e1n, un ingrediente natural que te ofrece una experiencia sensorial \u00fanica a la vez que combate la piel de naranja y reafirma las pieles sensibles o da\u00f1adas.<\/p>\n<p>M\u00e1s que un aroma, un tratamiento natural:<\/p>\n<p>Combate la piel de naranja:\u00a0Reduce la celulitis y la grasa localizada.<\/p>\n<p>Reafirma la piel:\u00a0Mejora la elasticidad y firmeza de la piel.<\/p>\n<p>Ideal para pieles sensibles o da\u00f1adas:\u00a0Suave y no irritante.<\/p>\n<p>Aroma c\u00e1lido y especiado:\u00a0Disfruta de una experiencia relajante sensorial y revitalizante.<\/p>\n<hr \/>\n<table width=\"160\">\n<tbody>\n<tr>\n<td width=\"80\"><span style=\"color: #3366ff; font-size: 20px;\"><em>Precio<\/em><\/span><\/td>\n<td width=\"80\"><span style=\"color: #3366ff; font-size: 20px;\">18,00 \u20ac<\/span><\/td>\n<\/tr>\n<\/tbody>\n<\/table>\n<\/div>\n<\/div>\n<\/div>\n<\/div>\n<\/div>\n<\/div>\n<\/div>\n<\/div>\n<\/div>\n<\/div>\n","protected":false},"excerpt":{"rendered":"<p>Cream Mousse Pieles Mixtas o Da\u00f1adas Descubre la Crema Elixir 300gr Reafirmante y Humectante de\u00a0Grupo Delorean,\u00a0el futuro del cuidado de la piel: Reduce la apariencia de la piel de naranja Mejora la textura de la piel Tonifica la piel Protege la piel de los radicales libres Nueva colecci\u00f3n Cream Mousse Descubre la nueva colecci\u00f3n Cream [&hellip;]<\/p>\n","protected":false},"featured_media":838,"comment_status":"open","ping_status":"closed","template":"","meta":[],"product_cat":[42,32],"product_tag":[],"class_list":{"0":"post-837","1":"product","2":"type-product","3":"status-publish","4":"has-post-thumbnail","6":"product_cat-https-medicosanitario-com-catalogo","7":"product_cat-cosmetica-y-belleza","9":"first","10":"instock","11":"shipping-taxable","12":"product-type-simple"},"jetpack_sharing_enabled":true,"_links":{"self":[{"href":"https:\/\/medicosanitario.com\/index.php\/wp-json\/wp\/v2\/product\/837","targetHints":{"allow":["GET"]}}],"collection":[{"href":"https:\/\/medicosanitario.com\/index.php\/wp-json\/wp\/v2\/product"}],"about":[{"href":"https:\/\/medicosanitario.com\/index.php\/wp-json\/wp\/v2\/types\/product"}],"replies":[{"embeddable":true,"href":"https:\/\/medicosanitario.com\/index.php\/wp-json\/wp\/v2\/comments?post=837"}],"wp:featuredmedia":[{"embeddable":true,"href":"https:\/\/medicosanitario.com\/index.php\/wp-json\/wp\/v2\/media\/838"}],"wp:attachment":[{"href":"https:\/\/medicosanitario.com\/index.php\/wp-json\/wp\/v2\/media?parent=837"}],"wp:term":[{"taxonomy":"product_cat","embeddable":true,"href":"https:\/\/medicosanitario.com\/index.php\/wp-json\/wp\/v2\/product_cat?post=837"},{"taxonomy":"product_tag","embeddable":true,"href":"https:\/\/medicosanitario.com\/index.php\/wp-json\/wp\/v2\/product_tag?post=837"}],"curies":[{"name":"wp","href":"https:\/\/api.w.org\/{rel}","templated":true}]}}