{"id":831,"date":"2024-05-24T09:28:50","date_gmt":"2024-05-24T07:28:50","guid":{"rendered":"https:\/\/medicosanitario.com\/?post_type=product&#038;p=831"},"modified":"2024-11-05T09:52:39","modified_gmt":"2024-11-05T08:52:39","slug":"crema-elixir-300gr-antienvejecimiento-antiarrugas-y-antiextrias","status":"publish","type":"product","link":"https:\/\/medicosanitario.com\/index.php\/producto\/crema-elixir-300gr-antienvejecimiento-antiarrugas-y-antiextrias\/","title":{"rendered":"Crema Elixir 300gr Antienvejecimiento, Antiarrugas y Antiestr\u00edas"},"content":{"rendered":"<pre>Cream Mousse Antiestr\u00edas Aroma Menta y Macedonia<\/pre>\n<p>Experimenta la revoluci\u00f3n antienvejecimiento con la <em>Crema EXF Elixirlife \u2013 Cream Mousse<\/em>\u00a0300gr, una f\u00f3rmula innovadora que combate los signos del envejecimiento, las arrugas y las estr\u00edas, a la vez que te envuelve en un refrescante aroma a menta y macedonia.<\/p>\n<div class=\"liner-continer\">\n<h4 class=\"woodmart-title-container title wd-fontsize-xxxl\"><span style=\"font-size: 16px;\"><span style=\"text-decoration: underline;\">Tecnolog\u00eda innovadora<\/span>: enriquecida con mol\u00e9culas H2O y poderosas enzimas que penetran en las capas m\u00e1s profundas de la piel.<\/span><br \/>\n<span style=\"font-size: 16px;\"><span style=\"text-decoration: underline;\">Cultivo rico en nutrientes<\/span>: crea un ambiente ideal para la absorci\u00f3n de nutrientes.<\/span><br \/>\n<span style=\"font-size: 16px;\"><span style=\"text-decoration: underline;\">Hidrataci\u00f3n de larga duraci\u00f3n<\/span>: mantiene la piel hidratada durante al menos 72 horas.<\/span><br \/>\n<span style=\"font-size: 16px;\"><span style=\"text-decoration: underline;\">Textura ligera y de r\u00e1pida absorci\u00f3n<\/span>: no deja sensaci\u00f3n de grasa y se adapta a todo tipo de pieles.<\/span><br \/>\n<span style=\"font-size: 16px;\"><span style=\"text-decoration: underline;\">Excipientes exclusivos<\/span>: formulada con ingredientes de la m\u00e1s alta calidad.<\/span><br \/>\n<span style=\"font-size: 16px;\"><span style=\"text-decoration: underline;\">Aromas intensos, dulces y afrutados:<\/span> disfruta de una fragancia irresistible.<\/span><\/h4>\n<\/div>\n<div class=\"title-after_title set-cont-mb-s reset-last-child wd-fontsize-s\">\n<div class=\"liner-continer\">\n<h2 class=\"woodmart-title-container title wd-fontsize-xxxl\"><\/h2>\n<\/div>\n<div class=\"title-after_title set-cont-mb-s reset-last-child wd-fontsize-s\">\n<p>Descubre los <span style=\"text-decoration: underline;\">ingredientes<\/span> secretos que hacen esta crema una experiencia \u00fanica para tu piel:<\/p>\n<ul>\n<li><strong>Col\u00e1geno<\/strong>: Aporta firmeza y elasticidad a la piel, protege la piel de los radicales libres.<\/li>\n<li><strong>Elastina<\/strong>: Aporta un aspecto m\u00e1s joven y saludable, protege la piel de las agresiones externas.<\/li>\n<li><strong>Coenzima Q10<\/strong>: Combate los radicales libres y previene el envejecimiento prematuro, mejora la elasticidad de la piel y reduce la flacidez.<\/li>\n<li><strong>Vitamina E<\/strong>:\u00a0Protege la piel de los radicales libres y del da\u00f1o ambiental, aporta un aspecto m\u00e1s suave y terso a la piel.<\/li>\n<\/ul>\n<\/div>\n<p>Los <strong>aromas afrutados\u00a0<em>Menta\u00a0<\/em>y <\/strong><em><strong>Macedonia<\/strong>\u00a0<\/em>te transportar\u00e1n a un oasis de bienestar mientras cuidan tu piel.<\/p>\n<p>El\u00a0<em>aroma afrutado Menta<\/em> es un potente relajante muscular, refresca y protege la piel, aroma fresco y estimulante. Despierta tus sentidos y te llena de energ\u00eda.<\/p>\n<p>El\u00a0<em>aroma afrutado Macedonia\u00a0<\/em>proporciona elasticidad a la piel, contiene numerosas vitaminas, refresca de forma natural, aroma dulce y afrutado.<\/p>\n<div class=\"title-after_title set-cont-mb-s reset-last-child wd-fontsize-s\">\n<p>\u00a0 \u00a0 \u00a0 \u00a0 \u00a0 \u00a0 \u00a0 \u00a0 \u00a0 \u00a0 \u00a0 \u00a0 \u00a0 \u00a0 \u00a0 \u00a0 \u00a0 \u00a0 \u00a0 \u00a0 \u00a0 \u00a0 \u00a0 \u00a0 \u00a0 \u00a0 \u00a0 \u00a0 \u00a0 \u00a0 \u00a0 \u00a0 \u00a0 \u00a0 \u00a0 \u00a0 \u00a0 \u00a0 \u00a0 \u00a0 \u00a0 \u00a0 \u00a0 \u00a0 \u00a0 \u00a0 \u00a0 \u00a0 \u00a0 \u00a0 \u00a0 \u00a0 \u00a0 \u00a0 \u00a0 \u00a0 \u00a0 \u00a0 \u00a0 \u00a0 \u00a0 \u00a0 \u00a0 \u00a0 \u00a0 \u00a0 \u00a0 \u00a0 \u00a0 \u00a0 *Producto exclusivo para Profesionales.<\/p>\n<hr \/>\n<div class=\"elementor-element elementor-element-58d5872 wd-section-stretch-content e-flex e-con-boxed e-con e-parent\" data-id=\"58d5872\" data-element_type=\"container\" data-core-v316-plus=\"true\">\n<div class=\"e-con-inner\">\n<div class=\"elementor-element elementor-element-28773d5 e-con-full e-flex e-con e-child\" data-id=\"28773d5\" data-element_type=\"container\" data-settings=\"{&quot;background_background&quot;:&quot;classic&quot;}\">\n<table width=\"160\">\n<tbody>\n<tr>\n<td width=\"80\"><span style=\"color: #3366ff; font-size: 20px;\"><em>Precio<\/em><\/span><\/td>\n<td width=\"80\"><span style=\"color: #3366ff; font-size: 20px;\">18,00 \u20ac<\/span><\/td>\n<\/tr>\n<\/tbody>\n<\/table>\n<\/div>\n<div class=\"elementor-element elementor-element-b36498e e-con-full e-flex e-con e-child\" data-id=\"b36498e\" data-element_type=\"container\">\n<div class=\"elementor-element elementor-element-a7d749f e-con-full e-flex e-con e-child\" data-id=\"a7d749f\" data-element_type=\"container\">\n<div class=\"elementor-element elementor-element-49c710b wd-width-100 elementor-widget elementor-widget-wd_title\" data-id=\"49c710b\" data-element_type=\"widget\" data-widget_type=\"wd_title.default\">\n<div class=\"elementor-widget-container\">\n<div class=\"title-wrapper set-mb-s reset-last-child wd-title-color-default wd-title-style-default wd-title-size-extra-large text-left\">\n<div class=\"title-after_title set-cont-mb-s reset-last-child wd-fontsize-s\">\n<p>&nbsp;<\/p>\n<\/div>\n<\/div>\n<\/div>\n<\/div>\n<\/div>\n<\/div>\n<\/div>\n<\/div>\n<\/div>\n<\/div>\n","protected":false},"excerpt":{"rendered":"<p>Cream Mousse Antiestr\u00edas Aroma Menta y Macedonia Experimenta la revoluci\u00f3n antienvejecimiento con la Crema EXF Elixirlife \u2013 Cream Mousse\u00a0300gr, una f\u00f3rmula innovadora que combate los signos del envejecimiento, las arrugas y las estr\u00edas, a la vez que te envuelve en un refrescante aroma a menta y macedonia. Tecnolog\u00eda innovadora: enriquecida con mol\u00e9culas H2O y poderosas [&hellip;]<\/p>\n","protected":false},"featured_media":832,"comment_status":"open","ping_status":"closed","template":"","meta":[],"product_cat":[42,32],"product_tag":[],"class_list":{"0":"post-831","1":"product","2":"type-product","3":"status-publish","4":"has-post-thumbnail","6":"product_cat-https-medicosanitario-com-catalogo","7":"product_cat-cosmetica-y-belleza","9":"first","10":"instock","11":"shipping-taxable","12":"product-type-simple"},"jetpack_sharing_enabled":true,"_links":{"self":[{"href":"https:\/\/medicosanitario.com\/index.php\/wp-json\/wp\/v2\/product\/831","targetHints":{"allow":["GET"]}}],"collection":[{"href":"https:\/\/medicosanitario.com\/index.php\/wp-json\/wp\/v2\/product"}],"about":[{"href":"https:\/\/medicosanitario.com\/index.php\/wp-json\/wp\/v2\/types\/product"}],"replies":[{"embeddable":true,"href":"https:\/\/medicosanitario.com\/index.php\/wp-json\/wp\/v2\/comments?post=831"}],"wp:featuredmedia":[{"embeddable":true,"href":"https:\/\/medicosanitario.com\/index.php\/wp-json\/wp\/v2\/media\/832"}],"wp:attachment":[{"href":"https:\/\/medicosanitario.com\/index.php\/wp-json\/wp\/v2\/media?parent=831"}],"wp:term":[{"taxonomy":"product_cat","embeddable":true,"href":"https:\/\/medicosanitario.com\/index.php\/wp-json\/wp\/v2\/product_cat?post=831"},{"taxonomy":"product_tag","embeddable":true,"href":"https:\/\/medicosanitario.com\/index.php\/wp-json\/wp\/v2\/product_tag?post=831"}],"curies":[{"name":"wp","href":"https:\/\/api.w.org\/{rel}","templated":true}]}}