{"id":816,"date":"2024-05-24T08:50:11","date_gmt":"2024-05-24T06:50:11","guid":{"rendered":"https:\/\/medicosanitario.com\/?post_type=product&#038;p=816"},"modified":"2024-11-05T09:59:17","modified_gmt":"2024-11-05T08:59:17","slug":"crema-elixir-300gr-descontracturante-purificante-regenerante-y-nutritiva","status":"publish","type":"product","link":"https:\/\/medicosanitario.com\/index.php\/producto\/crema-elixir-300gr-descontracturante-purificante-regenerante-y-nutritiva\/","title":{"rendered":"Crema Elixir 300gr Descontracturante, Purificante, Regenerante y Nutritiva"},"content":{"rendered":"<p>Crema Elixir 300gr Descontracturante, Purificante, Regenerante y Nutritiva<\/p>\n<p>Cream Mousse Regenerante y Nutritiva<\/p>\n<p>Disminuye la tensi\u00f3n y el estr\u00e9s, estimula la producci\u00f3n de col\u00e1geno y elastina, envu\u00e9lvete en una atm\u00f3sfera de tranquilidad y armon\u00eda. Descubre el Aroma Afrutado Frutas Tropicales y redefine tu belleza natural.<\/p>\n<div class=\"liner-continer\"><\/div>\n<div class=\"title-after_title set-cont-mb-s reset-last-child wd-fontsize-s\">\n<div class=\"title-after_title set-cont-mb-s reset-last-child wd-fontsize-s\">\n<div class=\"wd-negative-gap elementor-element elementor-element-2eb9cce wd-section-stretch-content e-flex e-con-boxed e-con e-parent\" data-id=\"2eb9cce\" data-element_type=\"container\" data-settings=\"{&quot;background_background&quot;:&quot;classic&quot;}\" data-core-v316-plus=\"true\">\n<div class=\"e-con-inner\">\n<div class=\"elementor-element elementor-element-b14fb41 color-scheme-light e-con-full e-flex e-con e-child\" data-id=\"b14fb41\" data-element_type=\"container\">\n<div class=\"elementor-element elementor-element-15f90b1 wd-width-100 elementor-widget elementor-widget-wd_title\" data-id=\"15f90b1\" data-element_type=\"widget\" data-widget_type=\"wd_title.default\">\n<div class=\"elementor-widget-container\">\n<div class=\"title-wrapper set-mb-s reset-last-child wd-title-color-default wd-title-style-default wd-title-size-default text-center\">\n<div class=\"liner-continer\">\n<div class=\"elementor-element elementor-element-2975b0f wd-section-stretch-content e-flex e-con-boxed e-con e-parent\" data-id=\"2975b0f\" data-element_type=\"container\" data-core-v316-plus=\"true\">\n<div class=\"e-con-inner\">\n<div class=\"elementor-element elementor-element-b7131e0 e-con-full e-flex e-con e-child\" data-id=\"b7131e0\" data-element_type=\"container\">\n<div class=\"elementor-element elementor-element-48d9b29 e-con-full e-flex e-con e-child\" data-id=\"48d9b29\" data-element_type=\"container\">\n<div class=\"elementor-element elementor-element-77c9de1 wd-width-100 elementor-widget elementor-widget-wd_title\" data-id=\"77c9de1\" data-element_type=\"widget\" data-widget_type=\"wd_title.default\">\n<div class=\"elementor-widget-container\">\n<div class=\"title-wrapper set-mb-s reset-last-child wd-title-color-default wd-title-style-default wd-title-size-extra-large text-left\">\n<div class=\"liner-continer\">\n<h4 class=\"woodmart-title-container title wd-fontsize-xxxl\">Nueva Colecci\u00f3n Cream Mousse<\/h4>\n<\/div>\n<div class=\"title-after_title set-cont-mb-s reset-last-child wd-fontsize-s\">\n<p>Experimenta una nueva dimensi\u00f3n del cuidado de la piel con la Crema Elixir 300gr Descontracturante, Purificante, Regenerante y Nutritiva, una f\u00f3rmula innovadora que reactiva, reafirma y relaja tu piel.<\/p>\n<p>Tu piel luce fresca, saludable y llena de energ\u00eda.<\/p>\n<p>Enriquecida con mol\u00e9culas H2O y enzimas bioactivas que penetran profundamente en la piel<\/p>\n<p>Mantiene la piel hidratada durante 72 horas despu\u00e9s de su aplicaci\u00f3n.<\/p>\n<p>No deja sensaci\u00f3n de grasa y se adapta a todo tipo de pieles.<\/p>\n<p>Formulada con ingredientes de la m\u00e1s alta calidad para una experiencia sensorial \u00fanica.<\/p>\n<p>Descubre la Crema Elixir 300gr Descontracturante, Purificante, Regenerante y Nutritiva y redefine tu belleza natural.<\/p>\n<\/div>\n<\/div>\n<\/div>\n<\/div>\n<\/div>\n<\/div>\n<\/div>\n<\/div>\n<div class=\"elementor-element elementor-element-fc1c884 wd-section-stretch-content e-flex e-con-boxed e-con e-parent\" data-id=\"fc1c884\" data-element_type=\"container\" data-core-v316-plus=\"true\">\n<div class=\"e-con-inner\">\n<div class=\"elementor-element elementor-element-2abddc2 e-con-full e-flex e-con e-child\" data-id=\"2abddc2\" data-element_type=\"container\">\n<div class=\"elementor-element elementor-element-f3650fd e-con-full e-flex e-con e-child\" data-id=\"f3650fd\" data-element_type=\"container\">\n<div class=\"elementor-element elementor-element-943c139 wd-width-100 elementor-widget elementor-widget-wd_title\" data-id=\"943c139\" data-element_type=\"widget\" data-widget_type=\"wd_title.default\">\n<div class=\"elementor-widget-container\">\n<div class=\"title-wrapper set-mb-s reset-last-child wd-title-color-default wd-title-style-default wd-title-size-extra-large text-left\">\n<div class=\"liner-continer\">\n<h2 class=\"woodmart-title-container title wd-fontsize-xxxl\">Excipientes Exclusivos<\/h2>\n<\/div>\n<div class=\"title-after_title set-cont-mb-s reset-last-child wd-fontsize-s\">\n<p>Descubre los ingredientes secretos que hacen de la Crema Elixir una experiencia \u00fanica para tu piel:<\/p>\n<p>Extracto de Aguacate:\u00a0Aporta firmeza y reduce las arrugas, protege la piel de los radicales libres, nutre la piel en profundidad.<br \/>\n\u00c1cido Hialur\u00f3nico:\u00a0Mantiene la piel hidratada durante 72 horas, disminuye la apariencia de los signos del envejecimiento, mejora la textura y el tono de la piel.<br \/>\nCoenzima Q10:\u00a0Protege la piel del da\u00f1o ambiental, mejora la firmeza y elasticidad de la piel, \u00a0revela una piel radiante y saludable.<br \/>\n\u00c1loe Vera:\u00a0Aporta un aspecto m\u00e1s suave y terso, reduce la inflamaci\u00f3n y el enrojecimiento de la piel, alivia la irritaci\u00f3n y el picor de la piel.<br \/>\n\u00c1rnica: Calma la piel irritada, maximiza los beneficios de la crema, protege la piel de las infecciones.<\/p>\n<\/div>\n<\/div>\n<\/div>\n<\/div>\n<\/div>\n<\/div>\n<div class=\"elementor-element elementor-element-3b91134 e-con-full e-flex e-con e-child\" data-id=\"3b91134\" data-element_type=\"container\" data-settings=\"{&quot;background_background&quot;:&quot;classic&quot;}\"><\/div>\n<\/div>\n<\/div>\n<div class=\"wd-negative-gap elementor-element elementor-element-af2e194 wd-section-stretch-content e-flex e-con-boxed e-con e-parent\" data-id=\"af2e194\" data-element_type=\"container\" data-settings=\"{&quot;background_background&quot;:&quot;classic&quot;}\" data-core-v316-plus=\"true\">\n<div class=\"e-con-inner\">\n<div class=\"elementor-element elementor-element-3dc4046 color-scheme-light e-con-full e-flex e-con e-child\" data-id=\"3dc4046\" data-element_type=\"container\">\n<div class=\"elementor-element elementor-element-ddf37c9 wd-width-100 elementor-widget elementor-widget-wd_title\" data-id=\"ddf37c9\" data-element_type=\"widget\" data-widget_type=\"wd_title.default\">\n<div class=\"elementor-widget-container\">\n<div class=\"title-wrapper set-mb-s reset-last-child wd-title-color-default wd-title-style-default wd-title-size-default text-center\">\n<div class=\"liner-continer\">\n<h4 class=\"woodmart-title-container title wd-fontsize-l\">Crema D.M.S. Dermosoft<\/h4>\n<\/div>\n<\/div>\n<\/div>\n<\/div>\n<div class=\"elementor-element elementor-element-33f71da elementor-widget-mobile__width-initial wd-width-100 elementor-widget elementor-widget-wd_title\" data-id=\"33f71da\" data-element_type=\"widget\" data-widget_type=\"wd_title.default\">\n<div class=\"elementor-widget-container\">\n<div class=\"title-wrapper set-mb-s reset-last-child wd-title-color-default wd-title-style-default wd-title-size-default text-center\">\n<div class=\"liner-continer\">\n<h4 class=\"woodmart-title-container title wd-fontsize-l wd-underline-colored\">Descontracturante, Purificante, Regenerante y Nutritiva con Aroma Frutas Tropicales<\/h4>\n<\/div>\n<\/div>\n<\/div>\n<\/div>\n<\/div>\n<\/div>\n<\/div>\n<div class=\"elementor-element elementor-element-58d5872 wd-section-stretch-content e-flex e-con-boxed e-con e-parent\" data-id=\"58d5872\" data-element_type=\"container\" data-core-v316-plus=\"true\">\n<div class=\"e-con-inner\">\n<div class=\"elementor-element elementor-element-28773d5 e-con-full e-flex e-con e-child\" data-id=\"28773d5\" data-element_type=\"container\" data-settings=\"{&quot;background_background&quot;:&quot;classic&quot;}\"><\/div>\n<div class=\"elementor-element elementor-element-b36498e e-con-full e-flex e-con e-child\" data-id=\"b36498e\" data-element_type=\"container\">\n<div class=\"elementor-element elementor-element-a7d749f e-con-full e-flex e-con e-child\" data-id=\"a7d749f\" data-element_type=\"container\">\n<div class=\"elementor-element elementor-element-49c710b wd-width-100 elementor-widget elementor-widget-wd_title\" data-id=\"49c710b\" data-element_type=\"widget\" data-widget_type=\"wd_title.default\">\n<div class=\"elementor-widget-container\">\n<div class=\"title-wrapper set-mb-s reset-last-child wd-title-color-default wd-title-style-default wd-title-size-extra-large text-left\">\n<div class=\"liner-continer\">\n<h4 class=\"woodmart-title-container title wd-fontsize-xxxl\">Aroma Afrutado Frutas Tropicales<\/h4>\n<\/div>\n<div class=\"title-after_title set-cont-mb-s reset-last-child wd-fontsize-s\">\n<p>Descubre la experiencia sensorial \u00fanica del Aroma Afrutado Frutas Tropicales, una fragancia irresistible que te transporta a un para\u00edso tropical mientras repara, protege y energiza tu piel.<\/p>\n<p>M\u00e1s que un aroma, una experiencia multisensorial:<\/p>\n<p>Super Agente que relaja, refresca y alivia:\u00a0Reduce la tensi\u00f3n muscular y facial, calma la irritaci\u00f3n y aporta una sensaci\u00f3n de bienestar.<br \/>\nReduce arrugas y cicatrices:\u00a0Favorece la renovaci\u00f3n celular y mejora la textura de la piel.<br \/>\nFragancia afrutada deliciosa y agradable:\u00a0Combina notas dulces y frescas que te transportar\u00e1n a un para\u00edso tropical.<br \/>\nEstallido de dulzura para los sentidos:\u00a0Despierta tus sentidos y te llena de energ\u00eda.<\/p>\n<hr \/>\n<\/div>\n<\/div>\n<\/div>\n<\/div>\n<\/div>\n<\/div>\n<\/div>\n<\/div>\n<\/div>\n<\/div>\n<\/div>\n<\/div>\n<div class=\"elementor-element elementor-element-a46e78f elementor-widget elementor-widget-spacer\" data-id=\"a46e78f\" data-element_type=\"widget\" data-widget_type=\"spacer.default\">\n<div class=\"elementor-widget-container\">\n<div class=\"elementor-spacer\">\n<div class=\"elementor-spacer-inner\">\n<table width=\"160\">\n<tbody>\n<tr>\n<td width=\"80\"><span style=\"color: #3366ff; font-size: 20px;\"><em>Precio<\/em><\/span><\/td>\n<td width=\"80\"><span style=\"color: #3366ff; font-size: 20px;\">18,00 \u20ac<\/span><\/td>\n<\/tr>\n<\/tbody>\n<\/table>\n<\/div>\n<\/div>\n<\/div>\n<\/div>\n<\/div>\n<\/div>\n<\/div>\n<div class=\"elementor-element elementor-element-2975b0f wd-section-stretch-content e-flex e-con-boxed e-con e-parent\" data-id=\"2975b0f\" data-element_type=\"container\" data-core-v316-plus=\"true\">\n<div class=\"e-con-inner\">\n<div class=\"elementor-element elementor-element-99ebac8 e-con-full e-flex e-con e-child\" data-id=\"99ebac8\" data-element_type=\"container\" data-settings=\"{&quot;background_background&quot;:&quot;classic&quot;,&quot;animation&quot;:&quot;none&quot;}\"><\/div>\n<div class=\"elementor-element elementor-element-b7131e0 e-con-full e-flex e-con e-child\" data-id=\"b7131e0\" data-element_type=\"container\">\n<div class=\"elementor-element elementor-element-48d9b29 e-con-full e-flex e-con e-child\" data-id=\"48d9b29\" data-element_type=\"container\">\n<div class=\"elementor-element elementor-element-77c9de1 wd-width-100 elementor-widget elementor-widget-wd_title\" data-id=\"77c9de1\" data-element_type=\"widget\" data-widget_type=\"wd_title.default\">\n<div class=\"elementor-widget-container\">\n<div class=\"title-wrapper set-mb-s reset-last-child wd-title-color-default wd-title-style-default wd-title-size-extra-large text-left\">\n<div class=\"liner-continer\"><\/div>\n<\/div>\n<\/div>\n<\/div>\n<\/div>\n<\/div>\n<\/div>\n<\/div>\n<div class=\"elementor-element elementor-element-58d5872 wd-section-stretch-content e-flex e-con-boxed e-con e-parent\" data-id=\"58d5872\" data-element_type=\"container\" data-core-v316-plus=\"true\">\n<div class=\"e-con-inner\">\n<div class=\"elementor-element elementor-element-b36498e e-con-full e-flex e-con e-child\" data-id=\"b36498e\" data-element_type=\"container\">\n<div class=\"elementor-element elementor-element-a7d749f e-con-full e-flex e-con e-child\" data-id=\"a7d749f\" data-element_type=\"container\">\n<div class=\"elementor-element elementor-element-49c710b wd-width-100 elementor-widget elementor-widget-wd_title\" data-id=\"49c710b\" data-element_type=\"widget\" data-widget_type=\"wd_title.default\">\n<div class=\"elementor-widget-container\">\n<div class=\"title-wrapper set-mb-s reset-last-child wd-title-color-default wd-title-style-default wd-title-size-extra-large text-left\">\n<div class=\"title-after_title set-cont-mb-s reset-last-child wd-fontsize-s\">\n<p>&nbsp;<\/p>\n<\/div>\n<\/div>\n<\/div>\n<\/div>\n<\/div>\n<\/div>\n<\/div>\n<\/div>\n<\/div>\n<\/div>\n","protected":false},"excerpt":{"rendered":"<p>Crema Elixir 300gr Descontracturante, Purificante, Regenerante y Nutritiva Cream Mousse Regenerante y Nutritiva Disminuye la tensi\u00f3n y el estr\u00e9s, estimula la producci\u00f3n de col\u00e1geno y elastina, envu\u00e9lvete en una atm\u00f3sfera de tranquilidad y armon\u00eda. Descubre el Aroma Afrutado Frutas Tropicales y redefine tu belleza natural. Nueva Colecci\u00f3n Cream Mousse Experimenta una nueva dimensi\u00f3n del cuidado [&hellip;]<\/p>\n","protected":false},"featured_media":817,"comment_status":"open","ping_status":"closed","template":"","meta":[],"product_cat":[42,32],"product_tag":[],"class_list":{"0":"post-816","1":"product","2":"type-product","3":"status-publish","4":"has-post-thumbnail","6":"product_cat-https-medicosanitario-com-catalogo","7":"product_cat-cosmetica-y-belleza","9":"first","10":"instock","11":"shipping-taxable","12":"product-type-simple"},"jetpack_sharing_enabled":true,"_links":{"self":[{"href":"https:\/\/medicosanitario.com\/index.php\/wp-json\/wp\/v2\/product\/816","targetHints":{"allow":["GET"]}}],"collection":[{"href":"https:\/\/medicosanitario.com\/index.php\/wp-json\/wp\/v2\/product"}],"about":[{"href":"https:\/\/medicosanitario.com\/index.php\/wp-json\/wp\/v2\/types\/product"}],"replies":[{"embeddable":true,"href":"https:\/\/medicosanitario.com\/index.php\/wp-json\/wp\/v2\/comments?post=816"}],"wp:featuredmedia":[{"embeddable":true,"href":"https:\/\/medicosanitario.com\/index.php\/wp-json\/wp\/v2\/media\/817"}],"wp:attachment":[{"href":"https:\/\/medicosanitario.com\/index.php\/wp-json\/wp\/v2\/media?parent=816"}],"wp:term":[{"taxonomy":"product_cat","embeddable":true,"href":"https:\/\/medicosanitario.com\/index.php\/wp-json\/wp\/v2\/product_cat?post=816"},{"taxonomy":"product_tag","embeddable":true,"href":"https:\/\/medicosanitario.com\/index.php\/wp-json\/wp\/v2\/product_tag?post=816"}],"curies":[{"name":"wp","href":"https:\/\/api.w.org\/{rel}","templated":true}]}}