{"id":802,"date":"2024-05-22T20:11:55","date_gmt":"2024-05-22T18:11:55","guid":{"rendered":"https:\/\/medicosanitario.com\/?post_type=product&#038;p=802"},"modified":"2024-11-04T17:36:17","modified_gmt":"2024-11-04T16:36:17","slug":"canape-articulado-madera-duo","status":"publish","type":"product","link":"https:\/\/medicosanitario.com\/index.php\/producto\/canape-articulado-madera-duo\/","title":{"rendered":"Canap\u00e9 Articulado Madera D\u00fao"},"content":{"rendered":"<section id=\"comp-loh0yusz1\" class=\"Oqnisf comp-loh0yusz1 wixui-section\" tabindex=\"-1\" data-block-level-container=\"ClassicSection\">\n<div id=\"bgLayers_comp-loh0yusz1\" class=\"MW5IWV\" data-hook=\"bgLayers\" data-motion-part=\"BG_LAYER\">\n<div id=\"bgMedia_comp-loh0yusz1\" class=\"VgO9Yg\" data-motion-part=\"BG_MEDIA\"><\/div>\n<\/div>\n<div class=\"\" data-mesh-id=\"comp-loh0yusz1inlineContent\" data-testid=\"inline-content\">\n<div data-mesh-id=\"comp-loh0yusz1inlineContent-gridContainer\" data-testid=\"mesh-container-content\">\n<div id=\"comp-l1vv7qpy\" class=\"HcOXKn SxM0TO QxJLC3 comp-l1vv7qpy wixui-rich-text\" data-testid=\"richTextElement\">\n<h6 class=\"font_6 wixui-rich-text__text\"><span class=\"wixui-rich-text__text\">Caracter\u00edsticas<\/span><\/h6>\n<p>&nbsp;<\/p>\n<p class=\"font_8 wixui-rich-text__text\"><span class=\"wixui-rich-text__text\">\u00b7BASTIDOR: Realizado en madera de haya, disponible en color blanco, cerezo y wengue.<\/span><\/p>\n<p class=\"font_8 wixui-rich-text__text\"><span class=\"wixui-rich-text__text\">\u00b7MARCO EXTERIOR: Larguero de haya de 80x25mm con 4 esquineras de madera torneada<\/span><\/p>\n<p class=\"font_8 wixui-rich-text__text\"><span class=\"wixui-rich-text__text\">\u00b7MARCO INTERIOR: Larguero de haya de 50x20mm<\/span><\/p>\n<p class=\"font_8 wixui-rich-text__text\"><span class=\"wixui-rich-text__text\">\u00b7TACOS DE APOYO: Fabricados en Hytrel (elast\u00f3metro de \u00faltima generaci\u00f3n indeformable por el uso) Su eficacia queda reflejada en las lamas, proporcionandoles un soporte firme, el\u00e1stico y adaptable.<\/span><\/p>\n<p class=\"font_8 wixui-rich-text__text\"><span class=\"wixui-rich-text__text\">\u00b7LAMAS: Realizadas en madera de haya natural curvada de 38&#215;12.5mm<\/span><\/p>\n<p class=\"font_8 wixui-rich-text__text\"><span class=\"wixui-rich-text__text\">\u00b7REGULADORES: De firmeza con doble\u00a0 lamina en zona lumbar<\/span><\/p>\n<p class=\"font_8 wixui-rich-text__text\"><span class=\"wixui-rich-text__text\">\u00b7ARQUILLO: De acero cincado<\/span><\/p>\n<p class=\"font_8 wixui-rich-text__text\"><span class=\"wixui-rich-text__text\">\u00b7MOTOR: Modelo Germany, disponible con mando inal\u00e1mbrico<\/span><\/p>\n<p class=\"font_8 wixui-rich-text__text\"><span class=\"wixui-rich-text__text\">\u00b7PATAS: De madera torneadas disponibles en color cerezo, blanco, cambrian y wengue.<\/span><\/p>\n<p class=\"font_8 wixui-rich-text__text\"><span class=\"wixui-rich-text__text\">Caj\u00f3n<\/span><\/p>\n<p class=\"font_8 wixui-rich-text__text\"><span class=\"wixui-rich-text__text\">\u00b7Marco exterior de 260x25mm con 4 esquineras de madera torneadas<\/span><\/p>\n<p class=\"font_8 wixui-rich-text__text\"><span class=\"wixui-rich-text__text\">\u00b72 Travesa\u00f1os de refuerzo 60x25mm<\/span><\/p>\n<p class=\"font_8 wixui-rich-text__text\"><span class=\"wixui-rich-text__text\">\u00b7Fondo de melamina<\/span><\/p>\n<p class=\"font_8 wixui-rich-text__text\"><span class=\"wixui-rich-text__text\">\u00b7Herrajes realizados en acero recubierto con pintura de epoxi recocida en horno. Acabado negro.<\/span><\/p>\n<p class=\"font_8 wixui-rich-text__text\"><span class=\"wixui-rich-text__text\">Disponible en todas las medidas.<\/span><\/p>\n<\/div>\n<div id=\"comp-l1vv7qq3\" class=\"MazNVa comp-l1vv7qq3 wixui-image\">\n<div class=\"j7pOnl\" data-testid=\"linkElement\">\n<div id=\"bgLayers_comp-loh0yusz1\" class=\"MW5IWV\" data-hook=\"bgLayers\" data-motion-part=\"BG_LAYER\"><\/div>\n<div class=\"\" data-mesh-id=\"comp-loh0yusz1inlineContent\" data-testid=\"inline-content\">\n<div data-mesh-id=\"comp-loh0yusz1inlineContent-gridContainer\" data-testid=\"mesh-container-content\">\n<div id=\"comp-l1vv7qq3\" class=\"MazNVa comp-l1vv7qq3 wixui-image\">\n<div class=\"j7pOnl\" data-testid=\"linkElement\"><img fetchpriority=\"high\" decoding=\"async\" src=\"https:\/\/static.wixstatic.com\/media\/19c5a6_a287b735f3dd4b64a1de1cdbe8754977~mv2.jpg\/v1\/crop\/x_1,y_0,w_6045,h_4024\/fill\/w_332,h_221,al_c,q_80,usm_0.66_1.00_0.01,enc_auto\/2022-03-27%20Durmet%20%200090.jpg\" srcset=\"https:\/\/static.wixstatic.com\/media\/19c5a6_a287b735f3dd4b64a1de1cdbe8754977~mv2.jpg\/v1\/crop\/x_1,y_0,w_6045,h_4024\/fill\/w_332,h_221,al_c,q_80,usm_0.66_1.00_0.01,enc_auto\/2022-03-27%20Durmet%20%200090.jpg\" alt=\"2022-03-27 Durmet 0090.jpg\" width=\"332\" height=\"221\" \/><\/div>\n<\/div>\n<div id=\"comp-l1vv7qq7\" class=\"MazNVa comp-l1vv7qq7 wixui-image\">\n<div class=\"j7pOnl\" data-testid=\"linkElement\"><img decoding=\"async\" src=\"https:\/\/static.wixstatic.com\/media\/19c5a6_e73a8ebc3867413cb45c508536aff839~mv2.png\/v1\/fill\/w_346,h_195,al_c,q_85,usm_0.66_1.00_0.01,enc_auto\/aa70e718-a102-4e0c-b5de-2f525348626a.png\" alt=\"aa70e718-a102-4e0c-b5de-2f525348626a.png\" width=\"346\" height=\"195\" \/><\/div>\n<\/div>\n<\/div>\n<\/div>\n<\/div>\n<\/div>\n<div id=\"comp-l1vv7qq7\" class=\"MazNVa comp-l1vv7qq7 wixui-image\">\n<div class=\"j7pOnl\" data-testid=\"linkElement\"><em><strong>Debido a que trabajamos en todo el territorio Nacional el P.V.P varia seg\u00fan la Comunidad Aut\u00f3noma, (transporte y Montaje).<\/strong><\/em><\/div>\n<div data-testid=\"linkElement\"><em><strong>PVP. CONSULTAR<\/strong><\/em><\/div>\n<\/div>\n<\/div>\n<\/div>\n<\/section>\n","protected":false},"excerpt":{"rendered":"<p>Caracter\u00edsticas &nbsp; \u00b7BASTIDOR: Realizado en madera de haya, disponible en color blanco, cerezo y wengue. \u00b7MARCO EXTERIOR: Larguero de haya de 80x25mm con 4 esquineras de madera torneada \u00b7MARCO INTERIOR: Larguero de haya de 50x20mm \u00b7TACOS DE APOYO: Fabricados en Hytrel (elast\u00f3metro de \u00faltima generaci\u00f3n indeformable por el uso) Su eficacia queda reflejada en las [&hellip;]<\/p>\n","protected":false},"featured_media":809,"comment_status":"open","ping_status":"closed","template":"","meta":[],"product_cat":[16,42],"product_tag":[],"class_list":{"0":"post-802","1":"product","2":"type-product","3":"status-publish","4":"has-post-thumbnail","6":"product_cat-somier-y-canape","7":"product_cat-https-medicosanitario-com-catalogo","9":"first","10":"instock","11":"shipping-taxable","12":"product-type-simple"},"jetpack_sharing_enabled":true,"_links":{"self":[{"href":"https:\/\/medicosanitario.com\/index.php\/wp-json\/wp\/v2\/product\/802","targetHints":{"allow":["GET"]}}],"collection":[{"href":"https:\/\/medicosanitario.com\/index.php\/wp-json\/wp\/v2\/product"}],"about":[{"href":"https:\/\/medicosanitario.com\/index.php\/wp-json\/wp\/v2\/types\/product"}],"replies":[{"embeddable":true,"href":"https:\/\/medicosanitario.com\/index.php\/wp-json\/wp\/v2\/comments?post=802"}],"wp:featuredmedia":[{"embeddable":true,"href":"https:\/\/medicosanitario.com\/index.php\/wp-json\/wp\/v2\/media\/809"}],"wp:attachment":[{"href":"https:\/\/medicosanitario.com\/index.php\/wp-json\/wp\/v2\/media?parent=802"}],"wp:term":[{"taxonomy":"product_cat","embeddable":true,"href":"https:\/\/medicosanitario.com\/index.php\/wp-json\/wp\/v2\/product_cat?post=802"},{"taxonomy":"product_tag","embeddable":true,"href":"https:\/\/medicosanitario.com\/index.php\/wp-json\/wp\/v2\/product_tag?post=802"}],"curies":[{"name":"wp","href":"https:\/\/api.w.org\/{rel}","templated":true}]}}