{"id":786,"date":"2024-05-22T19:37:42","date_gmt":"2024-05-22T17:37:42","guid":{"rendered":"https:\/\/medicosanitario.com\/?post_type=product&#038;p=786"},"modified":"2024-09-20T19:04:29","modified_gmt":"2024-09-20T17:04:29","slug":"somier-articulado-hierro","status":"publish","type":"product","link":"https:\/\/medicosanitario.com\/index.php\/producto\/somier-articulado-hierro\/","title":{"rendered":"SOMIER ARTICULADO HIERRO"},"content":{"rendered":"<h6 class=\"font_6 wixui-rich-text__text\"><span class=\"wixui-rich-text__text\">Caracter\u00edsticas<\/span><\/h6>\n<p class=\"font_8 wixui-rich-text__text\"><span class=\"wixui-rich-text__text\">BASTIDOR ACERO: Con tratamiento anticorrosivo y recubierto de polvo epoxi.<br class=\"wixui-rich-text__text\" \/>MARCO EXTERIOR: T\/60x20mm. CUATRO curvas.<\/span><\/p>\n<p class=\"font_8 wixui-rich-text__text\"><span class=\"wixui-rich-text__text\">MARCO INTERIOR: De T\/30x30mm.<\/span><\/p>\n<p class=\"font_8 wixui-rich-text__text\"><span class=\"wixui-rich-text__text\">PLANOS DE ARTICLACI\u00d3N: Cinco, con bisagras de polyamida (PA6) m\u00e1s FV, y tope para que las posiciones queden fijadas.<\/span><\/p>\n<p class=\"font_8 wixui-rich-text__text\"><span class=\"wixui-rich-text__text\">TACOS DE CAUCHO: Con suspensi\u00f3n.<\/span><\/p>\n<p class=\"font_8 wixui-rich-text__text\"><span class=\"wixui-rich-text__text\">LAMAS DE MADERA: Todas de 38mm. con papel color carbono.<\/span><\/p>\n<p class=\"font_8 wixui-rich-text__text\"><span class=\"wixui-rich-text__text\">REGULADORES: De firmeza con doble lama en la zona dorsal y rojo en zona dorsal y lumbar.<\/span><\/p>\n<p class=\"font_8 wixui-rich-text__text\"><span class=\"wixui-rich-text__text\">ARQUILLO: De acero cincado.<\/span><\/p>\n<p class=\"font_8 wixui-rich-text__text\"><span class=\"wixui-rich-text__text\">PATAS: De tubo de 50mm. con tornillo rosca M-10 cincado.<\/span><\/p>\n<p class=\"font_8 wixui-rich-text__text\"><span class=\"wixui-rich-text__text\">EMBALAJE: Retractilado con protecciones antigolpes.<\/span><\/p>\n<div class=\"j7pOnl\" data-testid=\"linkElement\"><em><strong>Debido a que trabajamos en todo el teritorio Nacional el P.V.P varia seg\u00fan la Comunidad Aut\u00f3noma, (transporte y Montaje).<\/strong><\/em><\/div>\n<div data-testid=\"linkElement\"><em><strong>PVP. CONSULTAR<\/strong><\/em><\/div>\n","protected":false},"excerpt":{"rendered":"<p>Caracter\u00edsticas BASTIDOR ACERO: Con tratamiento anticorrosivo y recubierto de polvo epoxi.MARCO EXTERIOR: T\/60x20mm. CUATRO curvas. MARCO INTERIOR: De T\/30x30mm. PLANOS DE ARTICLACI\u00d3N: Cinco, con bisagras de polyamida (PA6) m\u00e1s FV, y tope para que las posiciones queden fijadas. TACOS DE CAUCHO: Con suspensi\u00f3n. LAMAS DE MADERA: Todas de 38mm. con papel color carbono. REGULADORES: De [&hellip;]<\/p>\n","protected":false},"featured_media":787,"comment_status":"open","ping_status":"closed","template":"","meta":[],"product_cat":[16,42],"product_tag":[],"class_list":{"0":"post-786","1":"product","2":"type-product","3":"status-publish","4":"has-post-thumbnail","6":"product_cat-somier-y-canape","7":"product_cat-https-medicosanitario-com-catalogo","9":"first","10":"instock","11":"shipping-taxable","12":"product-type-simple"},"jetpack_sharing_enabled":true,"_links":{"self":[{"href":"https:\/\/medicosanitario.com\/index.php\/wp-json\/wp\/v2\/product\/786","targetHints":{"allow":["GET"]}}],"collection":[{"href":"https:\/\/medicosanitario.com\/index.php\/wp-json\/wp\/v2\/product"}],"about":[{"href":"https:\/\/medicosanitario.com\/index.php\/wp-json\/wp\/v2\/types\/product"}],"replies":[{"embeddable":true,"href":"https:\/\/medicosanitario.com\/index.php\/wp-json\/wp\/v2\/comments?post=786"}],"wp:featuredmedia":[{"embeddable":true,"href":"https:\/\/medicosanitario.com\/index.php\/wp-json\/wp\/v2\/media\/787"}],"wp:attachment":[{"href":"https:\/\/medicosanitario.com\/index.php\/wp-json\/wp\/v2\/media?parent=786"}],"wp:term":[{"taxonomy":"product_cat","embeddable":true,"href":"https:\/\/medicosanitario.com\/index.php\/wp-json\/wp\/v2\/product_cat?post=786"},{"taxonomy":"product_tag","embeddable":true,"href":"https:\/\/medicosanitario.com\/index.php\/wp-json\/wp\/v2\/product_tag?post=786"}],"curies":[{"name":"wp","href":"https:\/\/api.w.org\/{rel}","templated":true}]}}