{"id":554,"date":"2024-05-16T19:12:33","date_gmt":"2024-05-16T17:12:33","guid":{"rendered":"https:\/\/medicosanitario.com\/?post_type=product&#038;p=554"},"modified":"2024-11-05T10:02:55","modified_gmt":"2024-11-05T09:02:55","slug":"fresh-legs-piernas-cansadas-2","status":"publish","type":"product","link":"https:\/\/medicosanitario.com\/index.php\/producto\/fresh-legs-piernas-cansadas-2\/","title":{"rendered":"FRESH LEGS PIERNAS CANSADAS"},"content":{"rendered":"<p><strong>FRESCOR INMEDIATO PARA LAS PIERNAS CANSADAS<\/strong><\/p>\n<p>&nbsp;<\/p>\n<p><strong>Descripci\u00f3n:<\/strong><\/p>\n<p>De f\u00e1cil aplicaci\u00f3n y acci\u00f3n inmediata,\u00a0<strong>FRESH LEGS<\/strong>\u00a0favorece la circulaci\u00f3n sangu\u00ednea en piernas y pies. Su efecto en fr\u00edo, junto con el Aloe Vera, Aceite de Oliva y Mentol entre sus componentes hace que las piernas queden relajadas.<\/p>\n<p>Su forma en Roll-on da un suave y fresco masaje.<\/p>\n<p>Las piernas y los pies son los principales aliados en nuestra vida porque tienen la ardua tarea de apoyarnos durante todo el d\u00eda.<\/p>\n<p>La hinchaz\u00f3n, el cansancio y la pesadez son sensaciones desagradables que suelen sufrir las piernas despu\u00e9s de un largo d\u00eda.<\/p>\n<p>La causa radica en la ralentizaci\u00f3n de la circulaci\u00f3n sangu\u00ednea que provoca la aparici\u00f3n de diversas dolencias.<\/p>\n<p>Despu\u00e9s de un duro d\u00eda de trabajo, una caminata o una actividad deportiva, nuestras piernas est\u00e1n cansadas y pesadas y necesitan un momento de alivio.<\/p>\n<p>A menudo, el descanso no es suficiente, pero es necesario utilizar un producto espec\u00edfico.<\/p>\n<p><strong>FRESH LEGS<\/strong>\u00a0es un producto 100% natural capaz de proporcionar una sensaci\u00f3n inmediata de bienestar, alivio y frescura.<\/p>\n<p>&nbsp;<\/p>\n<p><strong>Consejos de utilizaci\u00f3n:<\/strong><\/p>\n<p>Masajear una peque\u00f1a cantidad de\u00a0<strong>FRESH LEGS<\/strong>\u00a0de abajo hacia arriba.<\/p>\n<p><strong>FRESH LEGS<\/strong>\u00a0aporta inmediatamente una sensaci\u00f3n de frescor duradera, eliminando la desagradable sensaci\u00f3n de pesadez en piernas y pies.<\/p>\n<p>\u00a1El dispensador Roll-on hace que usar\u00a0<strong>FRESH LEGS<\/strong>\u00a0sea muy r\u00e1pido y f\u00e1cil!<\/p>\n<p>&nbsp;<\/p>\n<p><strong>Composici\u00f3n:<\/strong><\/p>\n<p><span class=\"fontstyle0\">Aqua<\/span><span class=\"fontstyle0\">,\u00a0<\/span><strong><span class=\"fontstyle2\">Alo<\/span><span class=\"fontstyle2\">e Barba<\/span><span class=\"fontstyle2\">densis Leaf\u00a0<\/span><span class=\"fontstyle2\">Extract*<\/span><\/strong><span class=\"fontstyle2\">,\u00a0<\/span><strong><span class=\"fontstyle2\">Olea\u00a0<\/span><span class=\"fontstyle2\">Europaea Fruit\u00a0<\/span><span class=\"fontstyle2\">Extract<\/span><span class=\"fontstyle2\">*<\/span><\/strong><span class=\"fontstyle2\">,\u00a0<\/span><span class=\"fontstyle0\">Algin,\u00a0<\/span><strong><span class=\"fontstyle2\">Rosmarinus\u00a0<\/span><span class=\"fontstyle2\">Officianlis L<\/span><span class=\"fontstyle2\">eaf\u00a0<\/span><span class=\"fontstyle2\">Extract<\/span><span class=\"fontstyle2\">*<\/span><\/strong><span class=\"fontstyle2\">,\u00a0<\/span><strong><span class=\"fontstyle2\">Lavandula\u00a0<\/span><span class=\"fontstyle2\">Angustifolia L<\/span><span class=\"fontstyle2\">eaf\u00a0<\/span><span class=\"fontstyle2\">Extract<\/span><\/strong><span class=\"fontstyle2\"><strong>*<\/strong>,\u00a0<\/span><strong><span class=\"fontstyle2\">Triticum\u00a0<\/span><span class=\"fontstyle2\">Vulgare Germ Oil<\/span><span class=\"fontstyle2\">*<\/span><\/strong><span class=\"fontstyle2\">, Sod<\/span><span class=\"fontstyle2\">i<\/span><span class=\"fontstyle2\">um\u00a0<\/span><span class=\"fontstyle2\">Hyaluronate<\/span><span class=\"fontstyle2\">,\u00a0<\/span><strong><span class=\"fontstyle2\">Butyrospermum\u00a0<\/span><span class=\"fontstyle2\">Parkii\u00a0<\/span><span class=\"fontstyle2\">Butter<\/span><span class=\"fontstyle2\">*<\/span><\/strong><span class=\"fontstyle2\">,\u00a0<\/span><span class=\"fontstyle2\">Menthol<\/span><span class=\"fontstyle2\">,\u00a0<\/span><span class=\"fontstyle2\">Mentha\u00a0<\/span><span class=\"fontstyle2\">Piperita Leaf\u00a0<\/span><span class=\"fontstyle3\">Extract, Aesculus\u00a0<\/span><span class=\"fontstyle2\">Hippocastanum Seed\u00a0<\/span><span class=\"fontstyle2\">Extract<\/span><span class=\"fontstyle2\">,\u00a0<\/span><span class=\"fontstyle2\">Vaccinium\u00a0<\/span><span class=\"fontstyle2\">Myrtillus\u00a0<\/span><span class=\"fontstyle2\">Fruit\u00a0<\/span><span class=\"fontstyle2\">Extract<\/span><span class=\"fontstyle2\">,\u00a0<\/span><span class=\"fontstyle2\">Centella Asiatica\u00a0<\/span><span class=\"fontstyle3\">Extract,\u00a0<\/span><span class=\"fontstyle3\">Sodium Benzoate<\/span><span class=\"fontstyle3\">,\u00a0<\/span><span class=\"fontstyle2\">Parfum<\/span><span class=\"fontstyle2\">.<br \/>\n<\/span><\/p>\n<p>* Ingredientes procedentes de Agricultura Ecol\u00f3gica.<\/p>\n<p>Sin conservantes de s\u00edntesis no autorizados (parabenos, fenoxietanol, SLS, EDTA, DMDM&#8230;). Sin siliconas. Sin parafinas ni derivados del petr\u00f3leo. Sin colorantes ni perfumes de s\u00edntesis. Sin alcohol. No testado en animales. Adecuado para veganos. Formulado para respetar la piel sensible.<\/p>\n<p>&nbsp;<\/p>\n<p><strong>Presentaci\u00f3n:<\/strong><\/p>\n<p>Roll-on 60 ml<\/p>\n<hr \/>\n<table width=\"160\">\n<tbody>\n<tr>\n<td width=\"80\"><span style=\"color: #3366ff; font-size: 20px;\"><em>Precio<\/em><\/span><\/td>\n<td width=\"80\"><span style=\"color: #3366ff; font-size: 20px;\">10,00 \u20ac<\/span><\/td>\n<\/tr>\n<\/tbody>\n<\/table>\n","protected":false},"excerpt":{"rendered":"<p>FRESCOR INMEDIATO PARA LAS PIERNAS CANSADAS &nbsp; Descripci\u00f3n: De f\u00e1cil aplicaci\u00f3n y acci\u00f3n inmediata,\u00a0FRESH LEGS\u00a0favorece la circulaci\u00f3n sangu\u00ednea en piernas y pies. Su efecto en fr\u00edo, junto con el Aloe Vera, Aceite de Oliva y Mentol entre sus componentes hace que las piernas queden relajadas. Su forma en Roll-on da un suave y fresco masaje. [&hellip;]<\/p>\n","protected":false},"featured_media":772,"comment_status":"open","ping_status":"closed","template":"","meta":[],"product_cat":[42,32],"product_tag":[],"class_list":{"0":"post-554","1":"product","2":"type-product","3":"status-publish","4":"has-post-thumbnail","6":"product_cat-https-medicosanitario-com-catalogo","7":"product_cat-cosmetica-y-belleza","9":"first","10":"instock","11":"shipping-taxable","12":"product-type-simple"},"jetpack_sharing_enabled":true,"_links":{"self":[{"href":"https:\/\/medicosanitario.com\/index.php\/wp-json\/wp\/v2\/product\/554","targetHints":{"allow":["GET"]}}],"collection":[{"href":"https:\/\/medicosanitario.com\/index.php\/wp-json\/wp\/v2\/product"}],"about":[{"href":"https:\/\/medicosanitario.com\/index.php\/wp-json\/wp\/v2\/types\/product"}],"replies":[{"embeddable":true,"href":"https:\/\/medicosanitario.com\/index.php\/wp-json\/wp\/v2\/comments?post=554"}],"wp:featuredmedia":[{"embeddable":true,"href":"https:\/\/medicosanitario.com\/index.php\/wp-json\/wp\/v2\/media\/772"}],"wp:attachment":[{"href":"https:\/\/medicosanitario.com\/index.php\/wp-json\/wp\/v2\/media?parent=554"}],"wp:term":[{"taxonomy":"product_cat","embeddable":true,"href":"https:\/\/medicosanitario.com\/index.php\/wp-json\/wp\/v2\/product_cat?post=554"},{"taxonomy":"product_tag","embeddable":true,"href":"https:\/\/medicosanitario.com\/index.php\/wp-json\/wp\/v2\/product_tag?post=554"}],"curies":[{"name":"wp","href":"https:\/\/api.w.org\/{rel}","templated":true}]}}