{"id":551,"date":"2024-05-16T19:06:03","date_gmt":"2024-05-16T17:06:03","guid":{"rendered":"https:\/\/medicosanitario.com\/?post_type=product&#038;p=551"},"modified":"2024-11-05T10:32:11","modified_gmt":"2024-11-05T09:32:11","slug":"day-night-cream-elicina","status":"publish","type":"product","link":"https:\/\/medicosanitario.com\/index.php\/producto\/day-night-cream-elicina\/","title":{"rendered":"DAY &#038; NIGHT CREAM + ELICINA"},"content":{"rendered":"<p><strong>CREMA DE DIA Y NOCHE CON ELICINA (BABA DE CARACOL)<\/strong><\/p>\n<p>&nbsp;<\/p>\n<p><strong>Descripci\u00f3n:<\/strong><\/p>\n<p><strong>DAY &amp; NIGHT CREAM<\/strong>\u00a0es una crema fresca y ligera, ayuda la piel a resistir mejor a las agresiones ambientales. Gracias a la extraordinaria presencia de principios activos y de la Elicina (baba de caracol), ayuda a crear hidrataci\u00f3n de larga duraci\u00f3n, con un gran poder cicatrizante y un efecto calmante. Act\u00faa eficazmente contra las arrugas, contra las estr\u00edas, contra las marcas de acn\u00e9, las manchas por la edad, las cicatrices y las irritaciones en la piel.<\/p>\n<p>Hidrata, protege y suaviza la piel en caso de enrojecimientos, dej\u00e1ndola suave y sedosa. Apta para todos los tipos de pieles.<\/p>\n<p>&nbsp;<\/p>\n<p><strong>Consejos de utilizaci\u00f3n:<\/strong><\/p>\n<p>Aplicar\u00a0<strong>DAY &amp; NIGHT CREAM<\/strong>\u00a0sobre el rostro con movimientos circulares dando un estimulante masaje al rostro por la ma\u00f1ana y por la noche.<\/p>\n<p>&nbsp;<\/p>\n<p><strong>Composici\u00f3n:<\/strong><\/p>\n<p>Aloe Vera, Aceite de Oliva, Aceite de Germen de trigo, Glicerina, Argania Spinosa, Extracto de Albaricoque, Extracto de Almendras, Elicina (Extracto de Baba de Helix Aspera)<\/p>\n<p>* Ingredientes procedentes de Agricultura Ecol\u00f3gica.<\/p>\n<p>Sin conservantes de s\u00edntesis no autorizados (parabenos, fenoxietanol, SLS, EDTA, DMDM&#8230;). Sin siliconas. Sin parafinas ni derivados del petr\u00f3leo. Sin colorantes ni perfumes de s\u00edntesis. Sin alcohol. No testado en animales. Adecuado para veganos. Formulado para respetar la piel sensible.<\/p>\n<p><strong>Presentaci\u00f3n:<\/strong><\/p>\n<p>Envase tarrina 100 ml<\/p>\n<hr \/>\n<table width=\"160\">\n<tbody>\n<tr>\n<td width=\"80\"><span style=\"color: #3366ff; font-size: 20px;\"><em>Precio<\/em><\/span><\/td>\n<td width=\"80\"><span style=\"color: #3366ff; font-size: 20px;\">12,00 \u20ac<\/span><\/td>\n<\/tr>\n<\/tbody>\n<\/table>\n","protected":false},"excerpt":{"rendered":"<p>CREMA DE DIA Y NOCHE CON ELICINA (BABA DE CARACOL) &nbsp; Descripci\u00f3n: DAY &amp; NIGHT CREAM\u00a0es una crema fresca y ligera, ayuda la piel a resistir mejor a las agresiones ambientales. Gracias a la extraordinaria presencia de principios activos y de la Elicina (baba de caracol), ayuda a crear hidrataci\u00f3n de larga duraci\u00f3n, con un [&hellip;]<\/p>\n","protected":false},"featured_media":635,"comment_status":"open","ping_status":"closed","template":"","meta":[],"product_cat":[42,32],"product_tag":[],"class_list":{"0":"post-551","1":"product","2":"type-product","3":"status-publish","4":"has-post-thumbnail","6":"product_cat-https-medicosanitario-com-catalogo","7":"product_cat-cosmetica-y-belleza","9":"first","10":"instock","11":"shipping-taxable","12":"product-type-simple"},"jetpack_sharing_enabled":true,"_links":{"self":[{"href":"https:\/\/medicosanitario.com\/index.php\/wp-json\/wp\/v2\/product\/551","targetHints":{"allow":["GET"]}}],"collection":[{"href":"https:\/\/medicosanitario.com\/index.php\/wp-json\/wp\/v2\/product"}],"about":[{"href":"https:\/\/medicosanitario.com\/index.php\/wp-json\/wp\/v2\/types\/product"}],"replies":[{"embeddable":true,"href":"https:\/\/medicosanitario.com\/index.php\/wp-json\/wp\/v2\/comments?post=551"}],"wp:featuredmedia":[{"embeddable":true,"href":"https:\/\/medicosanitario.com\/index.php\/wp-json\/wp\/v2\/media\/635"}],"wp:attachment":[{"href":"https:\/\/medicosanitario.com\/index.php\/wp-json\/wp\/v2\/media?parent=551"}],"wp:term":[{"taxonomy":"product_cat","embeddable":true,"href":"https:\/\/medicosanitario.com\/index.php\/wp-json\/wp\/v2\/product_cat?post=551"},{"taxonomy":"product_tag","embeddable":true,"href":"https:\/\/medicosanitario.com\/index.php\/wp-json\/wp\/v2\/product_tag?post=551"}],"curies":[{"name":"wp","href":"https:\/\/api.w.org\/{rel}","templated":true}]}}