{"id":428,"date":"2024-05-13T19:41:45","date_gmt":"2024-05-13T17:41:45","guid":{"rendered":"https:\/\/medicosanitario.com\/?post_type=product&#038;p=428"},"modified":"2024-11-05T10:40:16","modified_gmt":"2024-11-05T09:40:16","slug":"pure-hyaluronic-day","status":"publish","type":"product","link":"https:\/\/medicosanitario.com\/index.php\/producto\/pure-hyaluronic-day\/","title":{"rendered":"PURE HYALURONIC DAY"},"content":{"rendered":"<p class=\"resumen flecha \" title=\"Resumen - PURE HYALURONIC DAY\">Crema Facial Bio Hidratante y Antiedad con \u00c1cido Hialur\u00f3nico<\/p>\n<div id=\"capa_descripcion\" class=\"descripcion \" title=\"Descripci\ufffdn - PURE HYALURONIC DAY\">\n<p><strong>Descripci\u00f3n:<\/strong><\/p>\n<p><strong>PURE HYALURONIC DAY<\/strong>\u00a0es muy rico en activos org\u00e1nicos como el Aloe Vera, el Aceite de Almendras Dulces y el Aceite de Jojoba, combinados con la potente acci\u00f3n antiedad del \u00c1cido Hialur\u00f3nico y las propiedades antioxidantes y protectoras del extracto de Granada y Semillas de Uva.<\/p>\n<p>Tiene una textura sorprendentemente ligera, agradable al tacto y con una fragancia delicada pero envolvente.<\/p>\n<p>&nbsp;<\/p>\n<p><strong>Consejos para su utilizaci\u00f3n:<\/strong><\/p>\n<p>Se recomienda aplicar\u00a0<strong>PURE HYALURONIC DAY<\/strong>\u00a0de manera uniforme en la cara, cuello y escote, con un ligero masaje hasta su total absorci\u00f3n. No es graso y penetra en profundidad, dejando la piel aterciopelada y brillante.<\/p>\n<p>&nbsp;<\/p>\n<p><strong>Composici\u00f3n:<\/strong><\/p>\n<p>Aqua,\u00a0<strong>Aloe Barbadensis leaf extract*<\/strong>,\u00a0<strong>Prunus Amygdalus dulcis oil*<\/strong>, Coco-Caprylate,\u00a0<strong>Simmondsia chinensis seed oil*<\/strong>, Sucrose Polystearate, Caprylic\/Capric Triglyceride, Sodium Hyaluronate, Punica Granatum seed oil, Vitis Vinifera seed oil, Glycerin, Cetearyl Alcohol, Crithmum Maritimum Extract ,Cetyl Palmitate ,Acacia Senegal gum, Xanthan Gum , Tocopheryl Acetate, Tocopherol, Algin, Sodium Dehydroacetate, Parfum, Mica, Titanium Dioxide, Silica ,Citric Acid, Benzyl Alcohol, Salicylic Acid, Sorbic Acid, Limonene ,Linalool.<\/p>\n<p><strong>* Ingredientes procedentes de Agricultura Ecol\u00f3gica.<\/strong><\/p>\n<p>Sin conservantes de s\u00edntesis no autorizados (parabenos, fenoxietanol, SLS, EDTA, DMDM&#8230;). Sin siliconas. Sin parafinas ni derivados del petr\u00f3leo. Sin colorantes ni perfumes de s\u00edntesis. Sin alcohol. No testado en animales. Adecuado para veganos. Formulado para respetar la piel sensible.<\/p>\n<p><strong>Presentaci\u00f3n:<\/strong><\/p>\n<p>Botella Spray 50 ml<\/p>\n<hr \/>\n<table width=\"160\">\n<tbody>\n<tr>\n<td width=\"80\"><span style=\"color: #3366ff; font-size: 20px;\"><em>Precio<\/em><\/span><\/td>\n<td width=\"80\"><span style=\"color: #3366ff; font-size: 20px;\">24,00 \u20ac<\/span><\/td>\n<\/tr>\n<\/tbody>\n<\/table>\n<\/div>\n","protected":false},"excerpt":{"rendered":"<p>Crema Facial Bio Hidratante y Antiedad con \u00c1cido Hialur\u00f3nico Descripci\u00f3n: PURE HYALURONIC DAY\u00a0es muy rico en activos org\u00e1nicos como el Aloe Vera, el Aceite de Almendras Dulces y el Aceite de Jojoba, combinados con la potente acci\u00f3n antiedad del \u00c1cido Hialur\u00f3nico y las propiedades antioxidantes y protectoras del extracto de Granada y Semillas de Uva. [&hellip;]<\/p>\n","protected":false},"featured_media":774,"comment_status":"open","ping_status":"closed","template":"","meta":[],"product_cat":[42,32],"product_tag":[],"class_list":{"0":"post-428","1":"product","2":"type-product","3":"status-publish","4":"has-post-thumbnail","6":"product_cat-https-medicosanitario-com-catalogo","7":"product_cat-cosmetica-y-belleza","9":"first","10":"instock","11":"shipping-taxable","12":"product-type-simple"},"jetpack_sharing_enabled":true,"_links":{"self":[{"href":"https:\/\/medicosanitario.com\/index.php\/wp-json\/wp\/v2\/product\/428","targetHints":{"allow":["GET"]}}],"collection":[{"href":"https:\/\/medicosanitario.com\/index.php\/wp-json\/wp\/v2\/product"}],"about":[{"href":"https:\/\/medicosanitario.com\/index.php\/wp-json\/wp\/v2\/types\/product"}],"replies":[{"embeddable":true,"href":"https:\/\/medicosanitario.com\/index.php\/wp-json\/wp\/v2\/comments?post=428"}],"wp:featuredmedia":[{"embeddable":true,"href":"https:\/\/medicosanitario.com\/index.php\/wp-json\/wp\/v2\/media\/774"}],"wp:attachment":[{"href":"https:\/\/medicosanitario.com\/index.php\/wp-json\/wp\/v2\/media?parent=428"}],"wp:term":[{"taxonomy":"product_cat","embeddable":true,"href":"https:\/\/medicosanitario.com\/index.php\/wp-json\/wp\/v2\/product_cat?post=428"},{"taxonomy":"product_tag","embeddable":true,"href":"https:\/\/medicosanitario.com\/index.php\/wp-json\/wp\/v2\/product_tag?post=428"}],"curies":[{"name":"wp","href":"https:\/\/api.w.org\/{rel}","templated":true}]}}