{"id":427,"date":"2024-05-13T19:40:00","date_gmt":"2024-05-13T17:40:00","guid":{"rendered":"https:\/\/medicosanitario.com\/?post_type=product&#038;p=427"},"modified":"2024-11-05T10:40:32","modified_gmt":"2024-11-05T09:40:32","slug":"pure-hyaluronic-24h-cream","status":"publish","type":"product","link":"https:\/\/medicosanitario.com\/index.php\/producto\/pure-hyaluronic-24h-cream\/","title":{"rendered":"PURE HYALURONIC 24H CREAM"},"content":{"rendered":"<p>Crema Facial 24H Bio Antiedad con \u00c1cido Hialur\u00f3nico<\/p>\n<p><strong>Descripci\u00f3n:<\/strong><\/p>\n<p><strong>PURE HYALURONIC 24H CREAM\u00a0<\/strong>es una crema facial antiedad ecol\u00f3gica con una f\u00f3rmula muy rica a base de Aloe Vera ecol\u00f3gico, Aceite de Almendra Dulce y Aceite de Jojoba ecol\u00f3gico y \u00c1cido Hialur\u00f3nico.<\/p>\n<p>Este \u00faltimo juega un papel fundamental para asegurar el grado \u00f3ptimo de hidrataci\u00f3n de la piel al restaurar la correcta funcionalidad de la barrera cut\u00e1nea, otorgando turgencia y tonicidad adem\u00e1s de reducir las l\u00edneas de expresi\u00f3n ya que estimula la producci\u00f3n de col\u00e1geno.<\/p>\n<p>&nbsp;<\/p>\n<p><strong>Consejos para su utilizaci\u00f3n:<\/strong><\/p>\n<p><strong>PURE HYALURONIC 24H CREAM<\/strong>\u00a0debe aplicarse por la ma\u00f1ana y por la noche sobre la cara, el cuello y el escote, con movimientos amplios y delicados, hasta su total absorci\u00f3n.<\/p>\n<p>&nbsp;<\/p>\n<p><strong>Composici\u00f3n:<\/strong><\/p>\n<p>Aqua,\u00a0<strong>Aloe Barbadensis leaf extract*<\/strong>,\u00a0<strong>Prunus Amygdalus dulcis oil*<\/strong>,\u00a0<strong>Simmondsia chinensis Seed oil*<\/strong>, Sucrose Polystearate ,Sodium Hyaluronate, Punica Granatum seed oil, Glycerin, Caprylic\/Capric Triglyceride, Cetearyl Alcohol, Coco-Caprylate, Xylitylglucoside,Anhydroxylitol, Xylitol, Cetyl Palmitate, Dicaprylyl Ether, Tocopheryl Acetate, Acacia Senegal gum, Xanthan Gum, Algin, Sodium Dehydroacetate, Parfum, Mica, Silica, Titanium Dioxide, Citric Acid, Tocopherol, Benzyl Alcohol, Salicylic Acid, Sorbic Acid, Limonene, Linalool.<\/p>\n<p><strong>* Ingredientes procedentes de Agricultura Ecol\u00f3gica.<\/strong><\/p>\n<p>Sin conservantes de s\u00edntesis no autorizados (parabenos, fenoxietanol, SLS, EDTA, DMDM&#8230;). Sin siliconas. Sin parafinas ni derivados del petr\u00f3leo. Sin colorantes ni perfumes de s\u00edntesis. Sin alcohol. No testado en animales. Adecuado para veganos. Formulado para respetar la piel sensible.<\/p>\n<p><strong>Presentaci\u00f3n:<\/strong><\/p>\n<p>Botella Spray 50 ml<\/p>\n<hr \/>\n<table width=\"160\">\n<tbody>\n<tr>\n<td width=\"80\"><span style=\"color: #3366ff; font-size: 20px;\"><em>Precio<\/em><\/span><\/td>\n<td width=\"80\"><span style=\"color: #3366ff; font-size: 20px;\">24,00 \u20ac<\/span><\/td>\n<\/tr>\n<\/tbody>\n<\/table>\n","protected":false},"excerpt":{"rendered":"<p>Crema Facial 24H Bio Antiedad con \u00c1cido Hialur\u00f3nico Descripci\u00f3n: PURE HYALURONIC 24H CREAM\u00a0es una crema facial antiedad ecol\u00f3gica con una f\u00f3rmula muy rica a base de Aloe Vera ecol\u00f3gico, Aceite de Almendra Dulce y Aceite de Jojoba ecol\u00f3gico y \u00c1cido Hialur\u00f3nico. Este \u00faltimo juega un papel fundamental para asegurar el grado \u00f3ptimo de hidrataci\u00f3n de [&hellip;]<\/p>\n","protected":false},"featured_media":775,"comment_status":"open","ping_status":"closed","template":"","meta":[],"product_cat":[42,32],"product_tag":[],"class_list":{"0":"post-427","1":"product","2":"type-product","3":"status-publish","4":"has-post-thumbnail","6":"product_cat-https-medicosanitario-com-catalogo","7":"product_cat-cosmetica-y-belleza","9":"first","10":"instock","11":"shipping-taxable","12":"product-type-simple"},"jetpack_sharing_enabled":true,"_links":{"self":[{"href":"https:\/\/medicosanitario.com\/index.php\/wp-json\/wp\/v2\/product\/427","targetHints":{"allow":["GET"]}}],"collection":[{"href":"https:\/\/medicosanitario.com\/index.php\/wp-json\/wp\/v2\/product"}],"about":[{"href":"https:\/\/medicosanitario.com\/index.php\/wp-json\/wp\/v2\/types\/product"}],"replies":[{"embeddable":true,"href":"https:\/\/medicosanitario.com\/index.php\/wp-json\/wp\/v2\/comments?post=427"}],"wp:featuredmedia":[{"embeddable":true,"href":"https:\/\/medicosanitario.com\/index.php\/wp-json\/wp\/v2\/media\/775"}],"wp:attachment":[{"href":"https:\/\/medicosanitario.com\/index.php\/wp-json\/wp\/v2\/media?parent=427"}],"wp:term":[{"taxonomy":"product_cat","embeddable":true,"href":"https:\/\/medicosanitario.com\/index.php\/wp-json\/wp\/v2\/product_cat?post=427"},{"taxonomy":"product_tag","embeddable":true,"href":"https:\/\/medicosanitario.com\/index.php\/wp-json\/wp\/v2\/product_tag?post=427"}],"curies":[{"name":"wp","href":"https:\/\/api.w.org\/{rel}","templated":true}]}}