{"id":374,"date":"2024-05-07T11:30:08","date_gmt":"2024-05-07T09:30:08","guid":{"rendered":"https:\/\/medicosanitario.com\/?post_type=product&#038;p=374"},"modified":"2024-11-05T10:03:10","modified_gmt":"2024-11-05T09:03:10","slug":"escue-gel-arnica","status":"publish","type":"product","link":"https:\/\/medicosanitario.com\/index.php\/producto\/escue-gel-arnica\/","title":{"rendered":"RESCUE GEL \u00c1RNICA"},"content":{"rendered":"<p>ALIVIO R\u00c1PIDO DE MOLESTIAS MUSCULARES Y ARTICULACIONES<\/p>\n<p>Descripci\u00f3n:<br \/>\nEste es un producto a base de extractos naturales para masaje corporal, fuertemente calmante y de alivio inmediato con efecto fr\u00edo\/calor en circunstancias de dolores musculares externos y articulaciones por artritis o artrosis, torceduras y\/o esguinces, molestias de espalda, torceduras, sobreesfuerzos musculares, agujetas, contusiones y picaduras de insectos.<\/p>\n<p>Consejos de utilizaci\u00f3n:<\/p>\n<p>Contra las molestias cervicales, lumbalgias, molestias de espalda, artrosis, artritis, etc., aplicar RESCUE GEL \u00c1RNICA en la zona a tratar, dando un ligero masaje circular durante unos minutos. Despu\u00e9s continuar el masaje con la mano hasta la absorci\u00f3n del producto.<\/p>\n<p>Un uso ligero sobre el pecho, permite inmediatamente apreciar las virtudes extraordinarias de las hierbas bals\u00e1micas, tal como sol\u00eda hacerse en el pasado.<\/p>\n<p>La inmediata acci\u00f3n calmante y antiinflamatoria le hace id\u00f3neo para usarse en lesiones relacionadas con la actividad deportiva y f\u00edsica. Rebaja el tono muscular ayudando a evitar las tensiones innecesarias con lo que se pueden evitar posibles roturas de fibras, calambres, agujetas, esguinces, etc.<\/p>\n<p>RESCUE GEL \u00c1RNICA es muy \u00fatil en los casos de irritaci\u00f3n de la piel causada por picaduras de insectos (avispas, abejas, mosquitos, \u2026) ya que alivia r\u00e1pidamente. En tal caso untar con abundante producto la zona a tratar y masajear en\u00e9rgicamente sobre la picadura durante varios minutos.<\/p>\n<p>Recomendaciones:<\/p>\n<p>De f\u00e1cil aplicaci\u00f3n \u00faselo tantas veces como sea necesario.Se aplica con suaves masajes sobre las zonas afectadasEvitar contacto con ojos, mucosas o heridas.No aplicar junto con otros productos.En periodos de gestaci\u00f3n aplicar solo en pierna y brazos.En casos extremos consulte a su Especialista.Este producto no es un medicamento, no trata ni pretende curar enfermedades.Producto cosm\u00e9tico.Dermatol\u00f3gicamente testado.Uso externo.No ingerir.Mantener fuera del alcance de los ni\u00f1os.<\/p>\n<p>Composici\u00f3n:<\/p>\n<p>Aqua, Aloe Barbadensis Leaf Extract*, Menthol Cinnamomurn Camphora Bark Oil, Chamomilla Recutita Extract, Salvia Officinalis Leaf Extract*, Rosmarinus Officinalis Leaf Extract*, Algin, Olea Europaea Fruit Extract*, Harpagophytum Procumbens Extract, Arnica Montana Extract, Maltodextrin, Sodium Dehydroacetate, Sodium Benzoate, Linalool, Limonene, Geraniol.<\/p>\n<p>* Ingredientes procedentes de Agricultura Ecol\u00f3gica.<\/p>\n<p>Sin conservantes de s\u00edntesis no autorizados (parabenos, fenoxietanol, SLS, EDTA, DMDM&#8230;). Sin siliconas. Sin parafinas ni derivados del petr\u00f3leo. Sin colorantes ni perfumes de s\u00edntesis. Sin alcohol. No testado en animales. Adecuado para veganos. Formulado para respetar la piel sensible.<\/p>\n<p>Presentaci\u00f3n:<\/p>\n<p>Roll-on 60 ml<\/p>\n<hr \/>\n<table width=\"160\">\n<tbody>\n<tr>\n<td width=\"80\"><span style=\"color: #3366ff; font-size: 20px;\"><em>Precio<\/em><\/span><\/td>\n<td width=\"80\"><span style=\"color: #3366ff; font-size: 20px;\">10,00 \u20ac<\/span><\/td>\n<\/tr>\n<\/tbody>\n<\/table>\n","protected":false},"excerpt":{"rendered":"<p>ALIVIO R\u00c1PIDO DE MOLESTIAS MUSCULARES Y ARTICULACIONES Descripci\u00f3n: Este es un producto a base de extractos naturales para masaje corporal, fuertemente calmante y de alivio inmediato con efecto fr\u00edo\/calor en circunstancias de dolores musculares externos y articulaciones por artritis o artrosis, torceduras y\/o esguinces, molestias de espalda, torceduras, sobreesfuerzos musculares, agujetas, contusiones y picaduras de [&hellip;]<\/p>\n","protected":false},"featured_media":376,"comment_status":"open","ping_status":"closed","template":"","meta":[],"product_cat":[42,32],"product_tag":[],"class_list":{"0":"post-374","1":"product","2":"type-product","3":"status-publish","4":"has-post-thumbnail","6":"product_cat-https-medicosanitario-com-catalogo","7":"product_cat-cosmetica-y-belleza","9":"first","10":"instock","11":"shipping-taxable","12":"product-type-simple"},"jetpack_sharing_enabled":true,"_links":{"self":[{"href":"https:\/\/medicosanitario.com\/index.php\/wp-json\/wp\/v2\/product\/374","targetHints":{"allow":["GET"]}}],"collection":[{"href":"https:\/\/medicosanitario.com\/index.php\/wp-json\/wp\/v2\/product"}],"about":[{"href":"https:\/\/medicosanitario.com\/index.php\/wp-json\/wp\/v2\/types\/product"}],"replies":[{"embeddable":true,"href":"https:\/\/medicosanitario.com\/index.php\/wp-json\/wp\/v2\/comments?post=374"}],"wp:featuredmedia":[{"embeddable":true,"href":"https:\/\/medicosanitario.com\/index.php\/wp-json\/wp\/v2\/media\/376"}],"wp:attachment":[{"href":"https:\/\/medicosanitario.com\/index.php\/wp-json\/wp\/v2\/media?parent=374"}],"wp:term":[{"taxonomy":"product_cat","embeddable":true,"href":"https:\/\/medicosanitario.com\/index.php\/wp-json\/wp\/v2\/product_cat?post=374"},{"taxonomy":"product_tag","embeddable":true,"href":"https:\/\/medicosanitario.com\/index.php\/wp-json\/wp\/v2\/product_tag?post=374"}],"curies":[{"name":"wp","href":"https:\/\/api.w.org\/{rel}","templated":true}]}}