{"id":1665,"date":"2025-01-26T20:43:35","date_gmt":"2025-01-26T19:43:35","guid":{"rendered":"https:\/\/medicosanitario.com\/?post_type=product&#038;p=1665"},"modified":"2025-01-26T21:25:22","modified_gmt":"2025-01-26T20:25:22","slug":"crema-hidratante-rosa-mosqueta","status":"publish","type":"product","link":"https:\/\/medicosanitario.com\/index.php\/producto\/crema-hidratante-rosa-mosqueta\/","title":{"rendered":"Crema hidratante Rosa Mosqueta"},"content":{"rendered":"<p>Es una crema vegetal con grandes propiedades para la medicina convencional y est\u00e9tica. \u00c9ste se extrae de las semillas de un arbusto silvestre de la familia de las rosas (Rosa moschata o Rosa Rubiginosa). Aunque es una planta originaria de Europa, tambi\u00e9n la podemos encontrar en el sur de los Andes, especialmente en Chile y Argentina. Su composici\u00f3n con numerosos \u00e1cidos grasos esenciales (\u00e1cido omega 6, omega 3, linol\u00e9ico), antioxidantes y vitaminas (retinol vitamina A, C y E) lo convierten en un objeto imprescindible en nuestras vidas<\/p>\n<ul>\n<li>Retrasa los signos de envejecimiento prematuro y las arrugas<\/li>\n<li>Mejora las estr\u00edas y manchas de la piel<\/li>\n<li>Combate los efectos del foto-envejecimiento<\/li>\n<li>Rehidrata la piel seca<\/li>\n<li>Disminuye las cicatrices quir\u00fargicas y accidentales<\/li>\n<li>Mejora la regeneraci\u00f3n de la piel frente a quemaduras<\/li>\n<li>Alivia el dolor de la artritis y osteoartritis<\/li>\n<li>Puede prevenir el desarrollo de la diabetes<\/li>\n<li>Fortalece el sistema inmunol\u00f3gico y estimula la circulaci\u00f3n<\/li>\n<\/ul>\n<table width=\"160\">\n<tbody>\n<tr>\n<td width=\"80\"><span style=\"color: #0000ff;\"><em>Precio<\/em><\/span><\/td>\n<td width=\"80\"><span style=\"color: #0000ff;\">Consultar<\/span><\/td>\n<\/tr>\n<\/tbody>\n<\/table>\n","protected":false},"excerpt":{"rendered":"<p>Es una crema vegetal con grandes propiedades para la medicina convencional y est\u00e9tica. \u00c9ste se extrae de las semillas de un arbusto silvestre de la familia de las rosas (Rosa moschata o Rosa Rubiginosa). Aunque es una planta originaria de Europa, tambi\u00e9n la podemos encontrar en el sur de los Andes, especialmente en Chile y [&hellip;]<\/p>\n","protected":false},"featured_media":1667,"comment_status":"closed","ping_status":"closed","template":"","meta":[],"product_cat":[42,32],"product_tag":[],"class_list":{"0":"post-1665","1":"product","2":"type-product","3":"status-publish","4":"has-post-thumbnail","6":"product_cat-https-medicosanitario-com-catalogo","7":"product_cat-cosmetica-y-belleza","9":"first","10":"instock","11":"shipping-taxable","12":"product-type-simple"},"jetpack_sharing_enabled":true,"_links":{"self":[{"href":"https:\/\/medicosanitario.com\/index.php\/wp-json\/wp\/v2\/product\/1665","targetHints":{"allow":["GET"]}}],"collection":[{"href":"https:\/\/medicosanitario.com\/index.php\/wp-json\/wp\/v2\/product"}],"about":[{"href":"https:\/\/medicosanitario.com\/index.php\/wp-json\/wp\/v2\/types\/product"}],"replies":[{"embeddable":true,"href":"https:\/\/medicosanitario.com\/index.php\/wp-json\/wp\/v2\/comments?post=1665"}],"wp:featuredmedia":[{"embeddable":true,"href":"https:\/\/medicosanitario.com\/index.php\/wp-json\/wp\/v2\/media\/1667"}],"wp:attachment":[{"href":"https:\/\/medicosanitario.com\/index.php\/wp-json\/wp\/v2\/media?parent=1665"}],"wp:term":[{"taxonomy":"product_cat","embeddable":true,"href":"https:\/\/medicosanitario.com\/index.php\/wp-json\/wp\/v2\/product_cat?post=1665"},{"taxonomy":"product_tag","embeddable":true,"href":"https:\/\/medicosanitario.com\/index.php\/wp-json\/wp\/v2\/product_tag?post=1665"}],"curies":[{"name":"wp","href":"https:\/\/api.w.org\/{rel}","templated":true}]}}