{"id":1609,"date":"2024-10-28T13:35:08","date_gmt":"2024-10-28T12:35:08","guid":{"rendered":"https:\/\/medicosanitario.com\/?post_type=product&#038;p=1609"},"modified":"2024-11-14T18:07:10","modified_gmt":"2024-11-14T17:07:10","slug":"colchon-ortomedico","status":"publish","type":"product","link":"https:\/\/medicosanitario.com\/index.php\/producto\/colchon-ortomedico\/","title":{"rendered":"Colch\u00f3n Ortom\u00e9dico"},"content":{"rendered":"<p><span style=\"font-size: 19px;\"><strong>PROPIEDADES DEL TEJIDO CELLIANT<\/strong><\/span><\/p>\n<p><em><img decoding=\"async\" src=\"https:\/\/medicosanitario.com\/wp-content\/uploads\/2024\/10\/Celliant-1-150x150.jpg\" \/><\/em>Tecnolog\u00eda textil que aumenta la oxigenac\u00edon celular, ayudando a regular la temperatura corporal<\/p>\n<p><strong>\u00bfC\u00f3mo Funciona la Tecnolog\u00eda Celliant\u00ae?<\/strong><\/p>\n<p>Celliant\u00ae transforma el calor del cuerpo en energ\u00eda infrarroja de espectro completo, promoviendo la circulaci\u00f3n local y la oxigenaci\u00f3n celular mientras mantiene el cuerpo m\u00e1s seco y a la temperatura perfecta, lo que se traduce en m\u00e1s energ\u00eda, resistencia, vigor, confort, recuperaci\u00f3n m\u00e1s r\u00e1pida y mejor sue\u00f1o.<\/p>\n<p>Minerales naturales termo-reactivos y 88 oligoelementos (minerales presentes en los tejidos vivos en peque\u00f1as cantidades) se tejen en el n\u00facleo de las fibras o se utilizan para crear un revestimiento para los tejidos. Los minerales y elementos dan a cualquier producto textil la capacidad de captar el calor del cuerpo, convirti\u00e9ndolo en energ\u00eda infrarroja de espectro completo, la cual se refleja en el cuerpo, incluso a trav\u00e9s de m\u00faltiples capas del tejido, lo que hace posible que los tejidos y los m\u00fasculos la absorban.<\/p>\n<p>La luz infrarroja de espectro completo favorece la mejora de la circulaci\u00f3n local, lo que hace que las c\u00e9lulas dispongan de m\u00e1s ox\u00edgeno en los tejidos \u2014 un aumento medio del 7%, y de hasta el 8,4% en un ensayo cl\u00ednico*.<\/p>\n<p>El aumento de la circulaci\u00f3n local y del ox\u00edgeno hace que las personas rindan m\u00e1s, se recuperen m\u00e1s r\u00e1pido y duerman mejor.<\/p>\n<p style=\"text-align: left;\"><span style=\"color: #000000; font-size: 17px;\"><em><strong>Considerado como dispositivo medico clase 1 por la Union Europea.<\/strong><\/em><\/span><\/p>\n<h3><strong><a href=\"https:\/\/tpa.textileworld.com\/wp-content\/uploads\/2022\/11\/Celliant2.jpg\"><img fetchpriority=\"high\" decoding=\"async\" class=\"aligncenter wp-image-37718 size-full td-animation-stack-type0-2\" src=\"https:\/\/tpa.textileworld.com\/wp-content\/uploads\/2022\/11\/Celliant2.jpg\" sizes=\"(max-width: 800px) 100vw, 800px\" srcset=\"https:\/\/tpa.textileworld.com\/wp-content\/uploads\/2022\/11\/Celliant2.jpg 800w, https:\/\/tpa.textileworld.com\/wp-content\/uploads\/2022\/11\/Celliant2-300x174.jpg 300w, https:\/\/tpa.textileworld.com\/wp-content\/uploads\/2022\/11\/Celliant2-696x403.jpg 696w, https:\/\/tpa.textileworld.com\/wp-content\/uploads\/2022\/11\/Celliant2-726x420.jpg 726w\" alt=\"\" width=\"800\" height=\"463\" \/><\/a><\/strong><\/h3>\n<p>&nbsp;<\/p>\n<p>&nbsp;<\/p>\n<p><span style=\"font-size: 19px;\"><strong>PROPIEDADES DEL GEL VISCOEL\u00c1STICO CON GRAFENO <\/strong><\/span><\/p>\n<p>El Grafeno es un nanomaterial compuesto por una agrupaci\u00f3n de \u00e1tomos de carbono colocados con una configuraci\u00f3n hexagonal, similar a la que tendr\u00eda un panal de abejas.<\/p>\n<p>Este material fue descubierto en 2004, pero no se hizo mundialmente conocido hasta 2010, cuando le dieron el Premio N\u00f3bel de F\u00edsica a sus descubridores rusos.<\/p>\n<p>El Grafeno es 200 veces m\u00e1s fuerte que el acero y pesa 5 veces menos. Es buen conductor t\u00e9rmico y el\u00e9ctrico. Este material, en combinaci\u00f3n con otras espumaciones, hacen que un colch\u00f3n con grafeno mejore infinitamente las propiedades que aporta al descanso.<\/p>\n<p>Otra de las m\u00faltiples ventajas de la inclusi\u00f3n del Grafeno en los colchones es que es antibacteriano 100%. Los estudios confirman que las bacterias no sobreviven sobre este material.<\/p>\n<p>Esto reduce significativamente los malos olores que se producen cuando las bacterias se descomponen en el colch\u00f3n. Por \u00faltimo destacaremos que como gran conductor de la electricidad que es, nos ayuda a reducir la electricidad est\u00e1tica que por el roce vamos acumulando y que hace que durante una noche tengamos varios micro-despertares.<\/p>\n<p>Reduciendo la acumulaci\u00f3n de electricidad est\u00e1tica mantenemos el sue\u00f1o profundo durante m\u00e1s tiempo.<\/p>\n<p>&nbsp;<\/p>\n<p><strong>COMPOSICI\u00d3N<\/strong><\/p>\n<p>El colch\u00f3n es el resultado de la combinaci\u00f3n entre la base ortop\u00e9dica, la viscoel\u00e1stica de gel con <strong><em>Grafeno<\/em> <\/strong>y recubierto con el tejido <strong><em>Celliant<\/em><\/strong>. Todo ello combinado, hacen del Colch\u00f3n Ortom\u00e9dico que lo consideren entre los mejores del mercado.<\/p>\n<p>El\u00a0Colch\u00f3n Ortom\u00e9dico\u00a0est\u00e1 compuesto por:<\/p>\n<ul>\n<li><strong>5 cm de Viscoel\u00e1stica de gel con Grafeno<\/strong> de 60 kg \/ m\u00b3 de densidad<\/li>\n<li><strong>17 cm de Base Ortop\u00e9dica<\/strong> de 33 kg \/ m\u00b3 de densidad<\/li>\n<li><strong>Funda interior<\/strong> aislante y protectora<\/li>\n<li><strong>Funda exterior<\/strong> desenfundable por todo el per\u00edmetro del tejido Celliant<\/li>\n<li><strong>10 A\u00d1OS DE GARANT\u00cdA<\/strong><\/li>\n<\/ul>\n<p>&nbsp;<\/p>\n<p><img decoding=\"async\" class=\"size-full wp-image-1134 aligncenter\" src=\"https:\/\/medicosanitario.com\/wp-content\/uploads\/2024\/05\/PrecioColchonOrtomedico-3.png\" alt=\"\" width=\"740\" height=\"670\" srcset=\"https:\/\/medicosanitario.com\/wp-content\/uploads\/2024\/05\/PrecioColchonOrtomedico-3.png 740w, https:\/\/medicosanitario.com\/wp-content\/uploads\/2024\/05\/PrecioColchonOrtomedico-3-300x272.png 300w, https:\/\/medicosanitario.com\/wp-content\/uploads\/2024\/05\/PrecioColchonOrtomedico-3-530x480.png 530w\" sizes=\"(max-width: 740px) 100vw, 740px\" \/><\/p>\n<p>&nbsp;<\/p>\n<p>&nbsp;<\/p>\n<p><em><strong>De estar interesado en alguna medida, contacta con nosotros para beneficiarte del descuento hospitalario en este momento.<\/strong><\/em><\/p>\n","protected":false},"excerpt":{"rendered":"<p>PROPIEDADES DEL TEJIDO CELLIANT Tecnolog\u00eda textil que aumenta la oxigenac\u00edon celular, ayudando a regular la temperatura corporal \u00bfC\u00f3mo Funciona la Tecnolog\u00eda Celliant\u00ae? Celliant\u00ae transforma el calor del cuerpo en energ\u00eda infrarroja de espectro completo, promoviendo la circulaci\u00f3n local y la oxigenaci\u00f3n celular mientras mantiene el cuerpo m\u00e1s seco y a la temperatura perfecta, lo que [&hellip;]<\/p>\n","protected":false},"featured_media":1099,"comment_status":"open","ping_status":"closed","template":"","meta":[],"product_cat":[42,29],"product_tag":[],"class_list":{"0":"post-1609","1":"product","2":"type-product","3":"status-publish","4":"has-post-thumbnail","6":"product_cat-https-medicosanitario-com-catalogo","7":"product_cat-colchones","9":"first","10":"instock","11":"shipping-taxable","12":"product-type-simple"},"jetpack_sharing_enabled":true,"_links":{"self":[{"href":"https:\/\/medicosanitario.com\/index.php\/wp-json\/wp\/v2\/product\/1609","targetHints":{"allow":["GET"]}}],"collection":[{"href":"https:\/\/medicosanitario.com\/index.php\/wp-json\/wp\/v2\/product"}],"about":[{"href":"https:\/\/medicosanitario.com\/index.php\/wp-json\/wp\/v2\/types\/product"}],"replies":[{"embeddable":true,"href":"https:\/\/medicosanitario.com\/index.php\/wp-json\/wp\/v2\/comments?post=1609"}],"wp:featuredmedia":[{"embeddable":true,"href":"https:\/\/medicosanitario.com\/index.php\/wp-json\/wp\/v2\/media\/1099"}],"wp:attachment":[{"href":"https:\/\/medicosanitario.com\/index.php\/wp-json\/wp\/v2\/media?parent=1609"}],"wp:term":[{"taxonomy":"product_cat","embeddable":true,"href":"https:\/\/medicosanitario.com\/index.php\/wp-json\/wp\/v2\/product_cat?post=1609"},{"taxonomy":"product_tag","embeddable":true,"href":"https:\/\/medicosanitario.com\/index.php\/wp-json\/wp\/v2\/product_tag?post=1609"}],"curies":[{"name":"wp","href":"https:\/\/api.w.org\/{rel}","templated":true}]}}