{"id":1063,"date":"2024-09-08T18:35:15","date_gmt":"2024-09-08T16:35:15","guid":{"rendered":"https:\/\/medicosanitario.com\/?post_type=product&#038;p=1063"},"modified":"2024-11-04T17:14:25","modified_gmt":"2024-11-04T16:14:25","slug":"almohada-visco-carbono-grafeno","status":"publish","type":"product","link":"https:\/\/medicosanitario.com\/index.php\/producto\/almohada-visco-carbono-grafeno\/","title":{"rendered":"Almohada Visco-Carbono"},"content":{"rendered":"<p style=\"text-align: left;\">Almohada de firmeza media<\/p>\n<p>&#8211; Fabricac\u00edon Europea, vegetal, ecol\u00f3gica et que permite una alta permeabilidad al aire, al ser de foro abierto.<\/p>\n<p>&nbsp;<\/p>\n<p>&#8211; Es at\u00e9rmica, no trasmite ni fr\u00edo ni calor<\/p>\n<p>&nbsp;<\/p>\n<p>&#8211; Nucleo de viscoelastica de carbono activo que se adapta a los contornos del cuello y cabeza proporcionando una presi\u00f3n estable y uniforme.<\/p>\n<p>&nbsp;<\/p>\n<p>&#8211; Cuenta con funda exterior de cremallera la cual\u00a0 se puede retirar y lavar.<\/p>\n<p>MEDIDAS y PVP CON DTO SANITARIO.<\/p>\n<p><strong>Almohada de viaje\u00a0\u00a0\u00a0\u00a0\u00a0 20 e<\/strong><\/p>\n<p><strong>Almohada de 70\u00a0\u00a0\u00a0\u00a0 \u00a0 \u00a0 49 e<\/strong><\/p>\n<p><strong>Almohada de 80\u00a0\u00a0 \u00a0\u00a0 \u00a0\u00a0 56 e<\/strong><\/p>\n<p><strong>Almohada de 90\u00a0\u00a0\u00a0 \u00a0 \u00a0 63 e<\/strong><\/p>\n<p><strong>Almohada de 105 \u00a0\u00a0 \u00a0 73 e<\/strong><\/p>\n<p><strong>Almohada de 120 \u00a0 \u00a0\u00a0 84 e<\/strong><\/p>\n<p><strong>Almohada de 135 \u00a0 \u00a0\u00a0 94 e<\/strong><\/p>\n<p><strong>Almohada de 150 \u00a0 \u00a0 105 e<\/strong><\/p>\n<p>&nbsp;<\/p>\n<p>&nbsp;<\/p>\n<p>&nbsp;<\/p>\n<p>&nbsp;<\/p>\n<p>&nbsp;<\/p>\n<p>&nbsp;<\/p>\n<p>&nbsp;<\/p>\n<p>&nbsp;<\/p>\n<p>&nbsp;<\/p>\n<p>&nbsp;<\/p>\n<p>&nbsp;<\/p>\n<p>&nbsp;<\/p>\n","protected":false},"excerpt":{"rendered":"<p>Almohada de firmeza media &#8211; Fabricac\u00edon Europea, vegetal, ecol\u00f3gica et que permite una alta permeabilidad al aire, al ser de foro abierto. &nbsp; &#8211; Es at\u00e9rmica, no trasmite ni fr\u00edo ni calor &nbsp; &#8211; Nucleo de viscoelastica de carbono activo que se adapta a los contornos del cuello y cabeza proporcionando una presi\u00f3n estable y [&hellip;]<\/p>\n","protected":false},"featured_media":1344,"comment_status":"open","ping_status":"closed","template":"","meta":[],"product_cat":[31,42],"product_tag":[],"class_list":{"0":"post-1063","1":"product","2":"type-product","3":"status-publish","4":"has-post-thumbnail","6":"product_cat-almohadas","7":"product_cat-https-medicosanitario-com-catalogo","9":"first","10":"instock","11":"shipping-taxable","12":"product-type-simple"},"jetpack_sharing_enabled":true,"_links":{"self":[{"href":"https:\/\/medicosanitario.com\/index.php\/wp-json\/wp\/v2\/product\/1063","targetHints":{"allow":["GET"]}}],"collection":[{"href":"https:\/\/medicosanitario.com\/index.php\/wp-json\/wp\/v2\/product"}],"about":[{"href":"https:\/\/medicosanitario.com\/index.php\/wp-json\/wp\/v2\/types\/product"}],"replies":[{"embeddable":true,"href":"https:\/\/medicosanitario.com\/index.php\/wp-json\/wp\/v2\/comments?post=1063"}],"wp:featuredmedia":[{"embeddable":true,"href":"https:\/\/medicosanitario.com\/index.php\/wp-json\/wp\/v2\/media\/1344"}],"wp:attachment":[{"href":"https:\/\/medicosanitario.com\/index.php\/wp-json\/wp\/v2\/media?parent=1063"}],"wp:term":[{"taxonomy":"product_cat","embeddable":true,"href":"https:\/\/medicosanitario.com\/index.php\/wp-json\/wp\/v2\/product_cat?post=1063"},{"taxonomy":"product_tag","embeddable":true,"href":"https:\/\/medicosanitario.com\/index.php\/wp-json\/wp\/v2\/product_tag?post=1063"}],"curies":[{"name":"wp","href":"https:\/\/api.w.org\/{rel}","templated":true}]}}