{"id":1062,"date":"2024-09-08T18:34:14","date_gmt":"2024-09-08T16:34:14","guid":{"rendered":"https:\/\/medicosanitario.com\/?post_type=product&#038;p=1062"},"modified":"2024-11-06T10:17:11","modified_gmt":"2024-11-06T09:17:11","slug":"almohada-visco-turmalina","status":"publish","type":"product","link":"https:\/\/medicosanitario.com\/index.php\/producto\/almohada-visco-turmalina\/","title":{"rendered":"Almohada Visco-Turmalina"},"content":{"rendered":"<p>Una almohada dise\u00f1ada y fabricada con la \u00faltima tecnolog\u00eda as\u00ed como los m\u00e1s novedosos materiales y materias primas, con un tejido inteligente que contiene microparticulas de turmalina y tejido 3D que te proteger\u00e1n durante el sue\u00f1o.<br \/>\nGracias a la espuma de grafeno y su sistema AIRFLOW conseguimos un efecto memoria , adem\u00e1s de transpirabilidad y regulaci\u00f3n t\u00e9rmica .<\/p>\n<p>La almohada est\u00e1 compuesta por tres capas<br \/>\n&#8211; Funda tejido turmalink<br \/>\n&#8211; Prefunda transpirable<br \/>\n&#8211; Viscoelastica grafeno<\/p>\n<p>Propiedades :<\/p>\n<p>&#8211; Se adapta al contorno de su cabeza y cuello<br \/>\n&#8211; Ayuda a mantener una buena postura que puede influir en los ronquidos<br \/>\n&#8211; Ayuda a disminuir las molestias cervicales y lumbares<br \/>\n&#8211; Favorece el descanso muscular<br \/>\n&#8211; Buena transpiraci\u00f3n<br \/>\n&#8211; Memoria con viscoelastica perforada<br \/>\n&#8211; Indeformable , adaptable y anat\u00f3mica<br \/>\n&#8211; Impide formaci\u00f3n de bacterias y \u00e1caros<br \/>\n&#8211; Doble funda con cremallera<\/p>\n<p>&nbsp;<\/p>\n<p>Medidas PVP ( con dto sanitario )<\/p>\n<p>Alm viaje &#8212; 25\u20ac<br \/>\nAlm de 70 &#8212; 70\u20ac<br \/>\nAlm de 75 &#8212; 75\u20ac<br \/>\nAlm de 80 &#8212; 80\u20ac<br \/>\nAlm de 90 &#8212; 90\u20ac<br \/>\nAlm de 105 &#8212; 105\u20ac<br \/>\nAlm de 120 &#8212; 120\u20ac<br \/>\nAlm de 135 &#8212; 135\u20ac<br \/>\nAlm de 150 &#8212; 150\u20ac<\/p>\n<p style=\"text-align: center;\">\n","protected":false},"excerpt":{"rendered":"<p>Una almohada dise\u00f1ada y fabricada con la \u00faltima tecnolog\u00eda as\u00ed como los m\u00e1s novedosos materiales y materias primas, con un tejido inteligente que contiene microparticulas de turmalina y tejido 3D que te proteger\u00e1n durante el sue\u00f1o. Gracias a la espuma de grafeno y su sistema AIRFLOW conseguimos un efecto memoria , adem\u00e1s de transpirabilidad y [&hellip;]<\/p>\n","protected":false},"featured_media":1494,"comment_status":"open","ping_status":"closed","template":"","meta":[],"product_cat":[31,42],"product_tag":[],"class_list":{"0":"post-1062","1":"product","2":"type-product","3":"status-publish","4":"has-post-thumbnail","6":"product_cat-almohadas","7":"product_cat-https-medicosanitario-com-catalogo","9":"first","10":"instock","11":"shipping-taxable","12":"product-type-simple"},"jetpack_sharing_enabled":true,"_links":{"self":[{"href":"https:\/\/medicosanitario.com\/index.php\/wp-json\/wp\/v2\/product\/1062","targetHints":{"allow":["GET"]}}],"collection":[{"href":"https:\/\/medicosanitario.com\/index.php\/wp-json\/wp\/v2\/product"}],"about":[{"href":"https:\/\/medicosanitario.com\/index.php\/wp-json\/wp\/v2\/types\/product"}],"replies":[{"embeddable":true,"href":"https:\/\/medicosanitario.com\/index.php\/wp-json\/wp\/v2\/comments?post=1062"}],"wp:featuredmedia":[{"embeddable":true,"href":"https:\/\/medicosanitario.com\/index.php\/wp-json\/wp\/v2\/media\/1494"}],"wp:attachment":[{"href":"https:\/\/medicosanitario.com\/index.php\/wp-json\/wp\/v2\/media?parent=1062"}],"wp:term":[{"taxonomy":"product_cat","embeddable":true,"href":"https:\/\/medicosanitario.com\/index.php\/wp-json\/wp\/v2\/product_cat?post=1062"},{"taxonomy":"product_tag","embeddable":true,"href":"https:\/\/medicosanitario.com\/index.php\/wp-json\/wp\/v2\/product_tag?post=1062"}],"curies":[{"name":"wp","href":"https:\/\/api.w.org\/{rel}","templated":true}]}}