{"id":1057,"date":"2024-09-08T17:20:34","date_gmt":"2024-09-08T15:20:34","guid":{"rendered":"https:\/\/medicosanitario.com\/?post_type=product&#038;p=1057"},"modified":"2024-10-02T10:41:30","modified_gmt":"2024-10-02T08:41:30","slug":"colchon-termic-graph","status":"publish","type":"product","link":"https:\/\/medicosanitario.com\/index.php\/producto\/colchon-termic-graph\/","title":{"rendered":"Colch\u00f3n Termic-Graph"},"content":{"rendered":"<p style=\"text-align: left;\"><strong>COLCH\u00d3N <\/strong><strong>THERMIC GRAFENO<\/strong><\/p>\n<p>&nbsp;<\/p>\n<p><strong><img fetchpriority=\"high\" decoding=\"async\" class=\"alignnone wp-image-1106 size-full\" src=\"https:\/\/medicosanitario.com\/wp-content\/uploads\/2024\/09\/TermicGrafeno3.png\" alt=\"\" width=\"872\" height=\"634\" srcset=\"https:\/\/medicosanitario.com\/wp-content\/uploads\/2024\/09\/TermicGrafeno3.png 872w, https:\/\/medicosanitario.com\/wp-content\/uploads\/2024\/09\/TermicGrafeno3-300x218.png 300w, https:\/\/medicosanitario.com\/wp-content\/uploads\/2024\/09\/TermicGrafeno3-768x558.png 768w, https:\/\/medicosanitario.com\/wp-content\/uploads\/2024\/09\/TermicGrafeno3-530x385.png 530w\" sizes=\"(max-width: 872px) 100vw, 872px\" \/><\/strong><\/p>\n<p><strong>El Colch\u00f3n Thermic Grafeno<\/strong>\u00a0est\u00e1 fabricado con la \u00faltima tecnolog\u00eda y las mejores materias primas. Confeccionado para ofrecerte el mejor descanso posible, cuenta adem\u00e1s con m\u00faltiples beneficios.<\/p>\n<p>Destacamos su <strong>n\u00facleo HR de alta densidad de carbono<\/strong> con sistema patentado de ventilaci\u00f3n, aportando el mejor sistema adaptativo al cuerpo sin importar el peso y la altura.<\/p>\n<p>Tiene zonas diferentes que se acoplan y adaptan al cuerpo. Incorpora una mezcla de diferentes tipos de espumas, densidades y firmezas en el n\u00facleo para alcanzar el m\u00e1ximo confort posible. Ofrece diferentes zonas de descanso independientes que se adaptan perfectamente a nuestro cuerpo y son fruto de un largo estudio para mejorar el descanso.<\/p>\n<p>&nbsp;<\/p>\n<p>Los principales <strong>beneficios del carbono activo<\/strong> son su alta <strong>transpirabilidad<\/strong> y la capacidad de <strong>eliminar los malos olores.<\/strong> Todo esto ayuda a evitar la formaci\u00f3n de mohos y bacterias producidas por el uso habitual y la sudoraci\u00f3n.<\/p>\n<p>Al combinar un material tan completo como la viscoel\u00e1stica y el HR junto con el Carbono Activo impiden la formaci\u00f3n del moho.<\/p>\n<p>Tenemos en nuestras manos u producto que <strong>nos permitir\u00e1 alargar la vida \u00fatil de tu colch\u00f3n y mejorar la calidad de tu descanso<\/strong>, por ser un colch\u00f3n <strong>ergon\u00f3mico y antibacteriano<\/strong>.<\/p>\n<p>Gracias al carbono activo capta y elimina los malos olores ayudando a evacuar el exceso de electricidad est\u00e1tica corporal. Facilita la relajaci\u00f3n y proporcion\u00e1ndonos un <strong>sue\u00f1o<\/strong> m\u00e1s <strong>reparador y profundo<\/strong>.<\/p>\n<p>VISCOEL\u00c1STICA CON GRAFENO<\/p>\n<p>El grafeno es un <strong>material termorregulador<\/strong>, lo que quiere decir que <strong>disipa el calor y las altas temperaturas<\/strong> en el colch\u00f3n. Por lo tanto, los colchones con Visco Grafeno son perfectos para las personas calurosas o que sufren por las noches de sudoraci\u00f3n.<\/p>\n<p>Con la disipaci\u00f3n del calor y las altas temperaturas en el <strong>colch\u00f3n tambi\u00e9n se elimina el llamado &#8220;efecto molde&#8221; mientras dormimos<\/strong>, que a algunas personas tanto agobia al sentirse que el colch\u00f3n se hunde en su silueta.<\/p>\n<p>Adem\u00e1s, hay que a\u00f1adir que los colchones con grafeno tienen el beneficio de ser transpirables o hidr\u00f3fobos y evitan que se acumule humedad, algo fundamental para la vida \u00fatil del colch\u00f3n.<\/p>\n<p>Los colchones de Visco Grafeno tienen una resistencia y durabilidad a\u00fan mayor que el resto de los colchones, lo que alarga su vida \u00fatil un 100%.<\/p>\n<p>&nbsp;<\/p>\n<p><u>COMPOSICI\u00d3N:<\/u><\/p>\n<p>. Tejido STRECH GRAFENO de 390 Grs.<\/p>\n<p>. 6 cm de Viscoel\u00e1stica\u00a0 de 50 kg. de densidad<\/p>\n<p>. HR de alta densidad con carbono activo combinado con espuma Memorysoft<\/p>\n<p>.Total altura colch\u00f3n: 24cm<\/p>\n<p><strong><em>Observaciones<\/em>: <em>v\u00e1lido para somier articulado y puede colocarse sobre cualquier tipo de base\u00a0<\/em><\/strong><\/p>\n<p><strong><a href=\"https:\/\/medicosanitario.com\/wp-content\/uploads\/2024\/09\/ColchonTermicGraph2-1.pdf\"><img decoding=\"async\" class=\"alignnone wp-image-1109 size-large\" src=\"https:\/\/medicosanitario.com\/wp-content\/uploads\/2024\/09\/ColchonTermicGraph2-1-pdf-724x1024.jpg\" alt=\"\" width=\"724\" height=\"1024\" \/><\/a><\/strong><\/p>\n<p>&nbsp;<\/p>\n","protected":false},"excerpt":{"rendered":"<p>COLCH\u00d3N THERMIC GRAFENO &nbsp; El Colch\u00f3n Thermic Grafeno\u00a0est\u00e1 fabricado con la \u00faltima tecnolog\u00eda y las mejores materias primas. Confeccionado para ofrecerte el mejor descanso posible, cuenta adem\u00e1s con m\u00faltiples beneficios. Destacamos su n\u00facleo HR de alta densidad de carbono con sistema patentado de ventilaci\u00f3n, aportando el mejor sistema adaptativo al cuerpo sin importar el peso [&hellip;]<\/p>\n","protected":false},"featured_media":1105,"comment_status":"open","ping_status":"closed","template":"","meta":[],"product_cat":[42,29],"product_tag":[],"class_list":{"0":"post-1057","1":"product","2":"type-product","3":"status-publish","4":"has-post-thumbnail","6":"product_cat-https-medicosanitario-com-catalogo","7":"product_cat-colchones","9":"first","10":"instock","11":"shipping-taxable","12":"product-type-simple"},"jetpack_sharing_enabled":true,"_links":{"self":[{"href":"https:\/\/medicosanitario.com\/index.php\/wp-json\/wp\/v2\/product\/1057","targetHints":{"allow":["GET"]}}],"collection":[{"href":"https:\/\/medicosanitario.com\/index.php\/wp-json\/wp\/v2\/product"}],"about":[{"href":"https:\/\/medicosanitario.com\/index.php\/wp-json\/wp\/v2\/types\/product"}],"replies":[{"embeddable":true,"href":"https:\/\/medicosanitario.com\/index.php\/wp-json\/wp\/v2\/comments?post=1057"}],"wp:featuredmedia":[{"embeddable":true,"href":"https:\/\/medicosanitario.com\/index.php\/wp-json\/wp\/v2\/media\/1105"}],"wp:attachment":[{"href":"https:\/\/medicosanitario.com\/index.php\/wp-json\/wp\/v2\/media?parent=1057"}],"wp:term":[{"taxonomy":"product_cat","embeddable":true,"href":"https:\/\/medicosanitario.com\/index.php\/wp-json\/wp\/v2\/product_cat?post=1057"},{"taxonomy":"product_tag","embeddable":true,"href":"https:\/\/medicosanitario.com\/index.php\/wp-json\/wp\/v2\/product_tag?post=1057"}],"curies":[{"name":"wp","href":"https:\/\/api.w.org\/{rel}","templated":true}]}}