{"id":1013,"date":"2024-08-21T11:39:48","date_gmt":"2024-08-21T09:39:48","guid":{"rendered":"https:\/\/medicosanitario.com\/?post_type=product&#038;p=1013"},"modified":"2024-10-03T12:49:27","modified_gmt":"2024-10-03T10:49:27","slug":"presoterapia-profesional-4-canales","status":"publish","type":"product","link":"https:\/\/medicosanitario.com\/index.php\/producto\/presoterapia-profesional-4-canales\/","title":{"rendered":"Presoterapia Profesional 4 CANALES"},"content":{"rendered":"<p><strong>TERAPIA DE PIERNAS Y ABDOMEN<\/strong><br \/>\n<strong>TERAPIA DE BRAZO Y DUPLICADOR<\/strong><br \/>\n<strong>SIZE XXL O 3XL<\/strong><\/p>\n<p>&nbsp;<\/p>\n<p><strong>UNIDAD PRINCIPAL<\/strong><\/p>\n<p>La unidad principal dispone de 2 salidas para conectar 2 accesorios a la vez, adem\u00e1s, incluye 1 duplicador con otras dos salidas supletorias con las que el usuario podr\u00e1 conectar todos los accesorios a la vez, haciendo este modelo \u00fanico, especial y pr\u00e1ctico.<br \/>\n<em>(El accesorio de brazo se vende a parte).<\/em><\/p>\n<p><strong>MAYOR POTENCIA para tratamientos REALMENTE PROFESIONALES<\/strong><\/p>\n<p><strong>4 CAM\u00c1RAS DE AIRE: Incluye Extensores 3XL y Duplicador<\/strong><\/p>\n<p><strong>DISE\u00d1O ERGON\u00d3MICO f\u00e1cil de colocar Y ADAPTABLE<\/strong><\/p>\n<p>&nbsp;<\/p>\n<p>EQUIPAMIENTO:<\/p>\n<ul>\n<li>Unidad principal digital con doble salida<\/li>\n<li>Malet\u00edn de transporte de alta resistencia<\/li>\n<li>Perneras XXL con funda protectora para mangueras. Incluye extensores para tallas 3XL<\/li>\n<li>Faja XXL con funda protectora para mangueras. Incluye extensores para tallas 3XL<\/li>\n<li>Manguera de air individual y manguera de aire doble<\/li>\n<li>Cable de corriente<\/li>\n<li>Manual de usuario intuitivo<\/li>\n<\/ul>\n<p>OPCIONAL:<\/p>\n<ul>\n<li>Bracera XXL con funda protectora para mangueras. Incluye extensoress para tallas 3XL-<\/li>\n<li>Duplicador de dos salidas para accesorios<\/li>\n<li>Manguera de aire individual<\/li>\n<\/ul>\n<p>PROFESIONAL Y DOM\u00c9STICA<br \/>\nPRESOTERAPIA 4 CANALES<br \/>\nTERAPIA DE PIERNAS &amp; ABDOMEN<br \/>\nSIZE XXL o 3XL<\/p>\n<p>M\u00c1XIMO CONFORT<br \/>\ny cuidado de tu<br \/>\nBIENESTAR<\/p>\n<p><strong>Presoterapia Profesional y Dom\u00e9stica<\/strong><br \/>\nLa Presoterapia Profesional aplica presiones de aire sobre los tejidos favoreciendo el drenaje linf\u00e1tico. Mejora el tono muscular y articular, estimulando el sistema inmunol\u00f3gico, dando una sensaci\u00f3n placentera al usuario en cualquiera de los modos de masaje.<\/p>\n<ul>\n<li>Dispone de <strong>4 Programas<\/strong> para <strong>piernas, cintura y brazos.<\/strong> A elegir entre: <em>Vitality Mode<\/em>, <em>Rest Mode, Relax Mode y Decompresssion<\/em> <em>Mode<\/em>, pudiendo ser utilizada por deportistas de \u00e9lite. Incorpora <em>Duplicador<\/em> para poder utilizar todos los accesorios al mismo tiempo.<\/li>\n<\/ul>\n<p>&nbsp;<\/p>\n<ul>\n<li><strong>Activaci\u00f3n del Sistema linf\u00e1tico: <\/strong>La presi\u00f3n de aire en extremidades es capaz de romper las acumulaciones de grasa localizada en 14Piernas, Cintura y Brazos*, haci\u00e9ndola circular con el resto de los l\u00edquidos retenidos para ser desechados por el Sistema Linf\u00e1tico.<\/li>\n<\/ul>\n<p>&nbsp;<\/p>\n<ul>\n<li><strong>8 niveles de intensidad: <\/strong>Dispone de 8 niveles de intensidad para los 4 Programas de Presoterapia Profesional y Dom\u00e9stica,pudiendo as\u00ed elegir el que mejor se adapte a sus necesidades.<\/li>\n<\/ul>\n<p>&nbsp;<\/p>\n<ul>\n<li><strong>F\u00e1cil colocaci\u00f3n y manejo:\u00a0 <\/strong>Todas las mangueras que incorpora, vienen perfectamente conectadas desde f\u00e1brica. Dispone de funda protectora para las mangueras facilitando as\u00ed la colocaci\u00f3n de los Accesorios de Piernas,Cintura y Brazos* de la Presoterapla Profesional y Dom\u00e9stica. Sencillo ajuste gracias a sus cremalleras y velcro.<\/li>\n<\/ul>\n<p>&nbsp;<\/p>\n<ul>\n<li><strong>Accesorio de extensores 3XL para tallas superiores a XXL: <\/strong>Incorpora como accesorio Extensores 3XL ergon\u00f3micos de extremidades para que la Presoterapia Profesional y Dom\u00e9stica pueda ser utilizada por usuarios de tallas superiores a XXL. Incorpora Malet\u00edn de Alta Resistencia para su transporte o almacenaje.<\/li>\n<\/ul>\n<p>&nbsp;<\/p>\n<ul>\n<li><strong>Tacto suave y confortable: <\/strong>Este modelo se ha fabricado con terminaciones en tacto suave para la protecci\u00f3n y comodidad de las piernas, cintura y brazos<\/li>\n<\/ul>\n","protected":false},"excerpt":{"rendered":"<p>ELIMINA LA CELULITIS<\/p>\n<p>La presoterapia Profesional y Dom\u00e9stica de 4 c\u00e1maras Abantera ayuda a nuestro cuerpo a eliminar la grasa localizada gracias a la revolucionaria terapia de compresi\u00f3n y descompresi\u00f3n de aire.<\/p>\n<p>ACABA CON LAS VARICES<\/p>\n<p>Gracias a la revoluconaria terapia de compresi\u00f3n,la Presoterapia Profesional y Dom\u00e9stica Abantera ayuda a tu Cuerpo a mejorar la circulaci\u00f3n sangu\u00ednea y por lo tanto, a reducir las varices.<\/p>\n<p>REDUCE LA FLACIDEZ<\/p>\n<p>La Presoterapia Profesional y Dom\u00e9stica Abandera ayuda a reducir y mejorar las patolog\u00edas relacionadas con la retenci\u00f3n de l\u00edquidos, y por lo tanto a estimular las c\u00e9lulas interiores de la capa inferior cut\u00e1nea,aportando firmeza a la piel.<\/p>\n","protected":false},"featured_media":1017,"comment_status":"open","ping_status":"closed","template":"","meta":[],"product_cat":[42,33],"product_tag":[],"class_list":{"0":"post-1013","1":"product","2":"type-product","3":"status-publish","4":"has-post-thumbnail","6":"product_cat-https-medicosanitario-com-catalogo","7":"product_cat-novedades","9":"first","10":"instock","11":"shipping-taxable","12":"product-type-simple"},"jetpack_sharing_enabled":true,"_links":{"self":[{"href":"https:\/\/medicosanitario.com\/index.php\/wp-json\/wp\/v2\/product\/1013","targetHints":{"allow":["GET"]}}],"collection":[{"href":"https:\/\/medicosanitario.com\/index.php\/wp-json\/wp\/v2\/product"}],"about":[{"href":"https:\/\/medicosanitario.com\/index.php\/wp-json\/wp\/v2\/types\/product"}],"replies":[{"embeddable":true,"href":"https:\/\/medicosanitario.com\/index.php\/wp-json\/wp\/v2\/comments?post=1013"}],"wp:featuredmedia":[{"embeddable":true,"href":"https:\/\/medicosanitario.com\/index.php\/wp-json\/wp\/v2\/media\/1017"}],"wp:attachment":[{"href":"https:\/\/medicosanitario.com\/index.php\/wp-json\/wp\/v2\/media?parent=1013"}],"wp:term":[{"taxonomy":"product_cat","embeddable":true,"href":"https:\/\/medicosanitario.com\/index.php\/wp-json\/wp\/v2\/product_cat?post=1013"},{"taxonomy":"product_tag","embeddable":true,"href":"https:\/\/medicosanitario.com\/index.php\/wp-json\/wp\/v2\/product_tag?post=1013"}],"curies":[{"name":"wp","href":"https:\/\/api.w.org\/{rel}","templated":true}]}}