{"id":3,"date":"2024-04-25T00:03:13","date_gmt":"2024-04-24T22:03:13","guid":{"rendered":"http:\/\/medicosanitario.com\/?page_id=3"},"modified":"2024-06-11T22:02:28","modified_gmt":"2024-06-11T20:02:28","slug":"politique-de-confidentialite","status":"publish","type":"page","link":"https:\/\/medicosanitario.com\/index.php\/politique-de-confidentialite\/","title":{"rendered":"Pol\u00edtica de Privacidad"},"content":{"rendered":"\n<h1 class=\"wp-block-heading\"><\/h1>\n\n\n\n<p>\u00daltima modificaci\u00f3n:<\/p>\n\n\n\n<p>8 de Septiembre de 2023<\/p>\n\n\n\n<h2 class=\"wp-block-heading\"><strong>Pol\u00edtica de privacidad<\/strong><\/h2>\n\n\n\n<p>A trav\u00e9s de este sitio web no se recaban datos de car\u00e1cter personal de las personas usuarias sin su conocimiento, ni se ceden a terceros.<\/p>\n\n\n\n<p>Con la finalidad de ofrecerle el mejor servicio y con el objeto de facilitar el uso, se analizan el n\u00famero de p\u00e1ginas visitadas, el n\u00famero de visitas, as\u00ed como la actividad de las persona visitantes y su frecuencia de utilizaci\u00f3n. A estos efectos, la Agencia Espa\u00f1ola de Protecci\u00f3n de Datos (AEPD) utiliza la informaci\u00f3n estad\u00edstica elaborada por el Proveedor de Servicios de Internet.<\/p>\n\n\n\n<p>La AEPD no utiliza cookies para recoger informaci\u00f3n de las personas usuarias, ni registra las direcciones IP de acceso. \u00danicamente se utilizan cookies propias, de sesi\u00f3n, con finalidad t\u00e9cnica (aquellas que permiten la navegaci\u00f3n a trav\u00e9s del sitio web y la utilizaci\u00f3n de las diferentes opciones y servicios que en ella existen).<\/p>\n\n\n\n<p>El portal del que es titular la AEPD contiene enlaces a sitios web de terceros, cuyas pol\u00edticas de privacidad son ajenas a la de la AEPD. Al acceder a tales sitios web usted puede decidir si acepta sus pol\u00edticas de privacidad y de cookies. Con car\u00e1cter general, si navega por internet usted puede aceptar o rechazar las cookies de terceros desde las opciones de configuraci\u00f3n de su navegador.<\/p>\n\n\n\n<h3 class=\"wp-block-heading\"><strong>Informaci\u00f3n b\u00e1sica sobre protecci\u00f3n de datos<\/strong><\/h3>\n\n\n\n<p>A continuaci\u00f3n le informamos sobre la pol\u00edtica de protecci\u00f3n de datos de la Agencia Espa\u00f1ola de Protecci\u00f3n de Datos.<\/p>\n\n\n\n<h3 class=\"wp-block-heading\"><strong>Responsable del tratamiento<\/strong><\/h3>\n\n\n\n<p>Los datos de car\u00e1cter personal que se pudieran recabar directamente de la persona interesada ser\u00e1n tratados de forma confidencial y quedar\u00e1n incorporados a la correspondiente actividad de tratamiento titularidad de la Agencia Espa\u00f1ola de Protecci\u00f3n de Datos (AEPD).<\/p>\n\n\n\n<p>La relaci\u00f3n actualizada de las actividades de tratamiento que la AEPD lleva a cabo se encuentra disponible en el siguiente&nbsp;<a href=\"https:\/\/www.aepd.es\/la-agencia\/transparencia\/informacion-en-materia-de-proteccion-de-datos\/inventario-actividades-tratamiento-aepd\">registro de actividades de la AEPD<\/a>.<\/p>\n\n\n\n<h3 class=\"wp-block-heading\"><strong>Finalidad<\/strong><\/h3>\n\n\n\n<p>La finalidad del tratamiento de los datos corresponde a cada una de las actividades de tratamiento que realiza la AEPD y que est\u00e1n accesibles en el&nbsp;<a href=\"https:\/\/www.aepd.es\/la-agencia\/transparencia\/informacion-en-materia-de-proteccion-de-datos\/inventario-actividades-tratamiento-aepd\">registro de actividades<\/a>de tratamiento.<\/p>\n\n\n\n<h3 class=\"wp-block-heading\"><strong>Legitimaci\u00f3n<\/strong><\/h3>\n\n\n\n<p>El tratamiento de sus datos se realiza para el cumplimiento de obligaciones legales por parte de la AEPD, para el cumplimiento de misiones realizada en inter\u00e9s p\u00fablico o en el ejercicio de poderes p\u00fablicos conferidos a la AEPD, as\u00ed como cuando la finalidad del tratamiento requiera su consentimiento, que habr\u00e1 de ser prestado mediante una clara acci\u00f3n afirmativa.<\/p>\n\n\n\n<p>Puede consultar la base legal para cada una de las actividades de tratamiento que lleva a cabo la AEPD en el siguiente&nbsp;<a href=\"https:\/\/www.aepd.es\/la-agencia\/transparencia\/informacion-en-materia-de-proteccion-de-datos\/inventario-actividades-tratamiento-aepd\">Acceder al registro de actividades de la AEPD.<\/a><\/p>\n\n\n\n<h3 class=\"wp-block-heading\"><strong>Conservaci\u00f3n de datos<\/strong><\/h3>\n\n\n\n<p>Los datos personales proporcionados se conservar\u00e1n durante el tiempo necesario para cumplir con la finalidad para la que se recaban y para determinar las posibles responsabilidades que se pudieran derivar de la finalidad, adem\u00e1s de los per\u00edodos establecidos en la normativa de archivos y documentaci\u00f3n.<\/p>\n\n\n\n<h3 class=\"wp-block-heading\"><strong>Comunicaci\u00f3n de datos<\/strong><\/h3>\n\n\n\n<p>Con car\u00e1cter general no se comunicar\u00e1n los datos personales a terceros, salvo obligaci\u00f3n legal, entre las que pueden estar las comunicaciones al Defensor del Pueblo, Jueces y Tribunales, personas interesadas en los procedimientos relacionados con la reclamaciones presentadas.<\/p>\n\n\n\n<p>Puede consultar los destinatarios para cada una de las actividades de tratamiento que lleva a cabo la AEPD en el siguiente&nbsp;<a href=\"https:\/\/www.aepd.es\/la-agencia\/transparencia\/informacion-en-materia-de-proteccion-de-datos\/inventario-actividades-tratamiento-aepd\">Acceder al registro de actividades de la AEPD.<\/a><\/p>\n\n\n\n<h3 class=\"wp-block-heading\"><strong>Derechos de las personas interesadas<\/strong><\/h3>\n\n\n\n<p>Para solicitar el acceso, la rectificaci\u00f3n, supresi\u00f3n o limitaci\u00f3n del tratamiento de los datos personales o a oponerse al tratamiento, en el caso de se den los requisitos establecidos en el Reglamento General de Protecci\u00f3n de Datos, as\u00ed como en la Ley Org\u00e1nica 3\/2018, de 5 de diciembre, de Protecci\u00f3n de Datos Personal y garant\u00eda de los derechos digitales, puede dirigir un escrito al responsable del tratamiento, en este caso, la AEPD, dirigiendo el mismo a la Agencia Espa\u00f1ola de Protecci\u00f3n de Datos, C\/Jorge Juan, 6, 28001- Madrid o en el&nbsp;<a href=\"https:\/\/sedeagpd.gob.es\/sede-electronica-web\/vistas\/formProcedimientoEntrada\/procedimientoEntrada.jsf\" target=\"_blank\" rel=\"noreferrer noopener\">registro electr\u00f3nico de la AEPD<\/a><\/p>\n\n\n\n<p>Datos de contacto del DPD:&nbsp;<a href=\"mailto:dpd@aepd.es\">dpd@aepd.es<\/a>.<\/p>\n\n\n\n<h2 class=\"wp-block-heading\"><strong>Aviso legal<\/strong><\/h2>\n\n\n\n<p>Este portal, cuyo titular es la Agencia Espa\u00f1ola de Protecci\u00f3n de Datos (AEPD), con NIF Q2813014D, domicilio en la calle Jorge Juan, n\u00ba6, 28001 Madrid, y tel\u00e9fono 901 100 099, est\u00e1 constituido por los sitios web asociados a los dominios aepd.es:<\/p>\n\n\n\n<ul class=\"wp-block-list\">\n<li><a href=\"https:\/\/sedeagpd.gob.es\/sede-electronica-web\/\" target=\"_blank\" rel=\"noreferrer noopener\">Sede electronica de la AEPD<\/a><\/li>\n\n\n\n<li><a href=\"https:\/\/www.tudecideseninternet.es\/aepd\/\" target=\"_blank\" rel=\"noreferrer noopener\">Tu decides en internet menores<\/a><\/li>\n\n\n\n<li><a href=\"https:\/\/www.redipd.org\/es\" target=\"_blank\" rel=\"noreferrer noopener\">Red iberoamericana de protecci\u00f3n de datos<\/a><\/li>\n<\/ul>\n\n\n\n<h3 class=\"wp-block-heading\"><strong>Propiedad intelectual e industrial<\/strong><\/h3>\n\n\n\n<p>El dise\u00f1o del portal y sus c\u00f3digos fuente, as\u00ed como los logos, marcas y dem\u00e1s signos distintivos que aparecen en el mismo pertenecen a la AEPD y est\u00e1n protegidos por los correspondientes derechos de propiedad intelectual e industrial.<\/p>\n\n\n\n<p>Las&nbsp;<a href=\"https:\/\/www.aepd.es\/guias-y-herramientas\/infografias\">infograf\u00edas<\/a>&nbsp;y&nbsp;<a href=\"https:\/\/www.aepd.es\/guias-y-herramientas\/guias\">gu\u00edas<\/a>&nbsp;de la Agencia se publican con una licencia de uso CC BY-NC-SA 4.0 que permite su reutilizaci\u00f3n para uso no comercial, atribuyendo la autor\u00eda y manteniendo las mismas condiciones.<\/p>\n\n\n\n<figure class=\"wp-block-image\"><a href=\"https:\/\/creativecommons.org\/licenses\/by-nc-nd\/4.0\/\" target=\"_blank\" rel=\"noreferrer noopener\"><img decoding=\"async\" src=\"https:\/\/www.aepd.es\/sites\/default\/files\/2021-09\/creative-commons-by-nc-sa-40.png\" alt=\"Web de licencia de creativecommons\"\/><\/a><\/figure>\n\n\n\n<h3 class=\"wp-block-heading\"><strong>Responsabilidad de los contenidos<\/strong><\/h3>\n\n\n\n<p>La AEPD no se hace responsable de la legalidad de otros sitios web de terceros desde los que pueda accederse al portal. La AEPD tampoco responde por la legalidad de otros sitios web de terceros, que pudieran estar vinculados o enlazados desde este portal.<\/p>\n\n\n\n<p>La AEPD se reserva el derecho a realizar cambios en el sitio web sin previo aviso, al objeto de mantener actualizada su informaci\u00f3n, a\u00f1adiendo, modificando, corrigiendo o eliminando los contenidos publicados o el dise\u00f1o del portal.<\/p>\n\n\n\n<p>La AEPD no ser\u00e1 responsable del uso que terceros hagan de la informaci\u00f3n publicada en el portal, ni tampoco de los da\u00f1os sufridos o p\u00e9rdidas econ\u00f3micas que, de forma directa o indirecta, produzcan o puedan producir perjuicios econ\u00f3micos, materiales o sobre datos, provocados por el uso de dicha informaci\u00f3n.<\/p>\n\n\n\n<h3 class=\"wp-block-heading\"><strong>Reproducci\u00f3n de contenidos<\/strong><\/h3>\n\n\n\n<p>Se proh\u00edbe la reproducci\u00f3n total o parcial de los contenidos publicados en el portal. No obstante, los contenidos que sean considerados como datos abiertos en la Sede Electr\u00f3nica, publicados seg\u00fan lo previsto en el Real Decreto 1495\/2011, de 24 de octubre, de desarrollo de la Ley 37\/2007, sobre reutilizaci\u00f3n de la informaci\u00f3n del sector p\u00fablico, para el \u00e1mbito del sector p\u00fablico estatal, podr\u00e1n ser objeto de reproducci\u00f3n en los t\u00e9rminos contenidos en el siguiente&nbsp;<a href=\"https:\/\/sedeagpd.gob.es\/sede-electronica-web\/vistas\/formDatosAbiertos\/seccionDatosAbiertos.jsf;jsessionid=C660C4295F5F8B54969C2F5D7B145EFD\" target=\"_blank\" rel=\"noreferrer noopener\">Aviso.<\/a><\/p>\n\n\n\n<h3 class=\"wp-block-heading\"><strong>Sede Electr\u00f3nica<\/strong><\/h3>\n\n\n\n<p>De acuerdo con lo establecido por el art\u00edculo 12 del Real Decreto 203\/2021, de 30 de marzo, por el que se aprueba el Reglamento de actuaci\u00f3n y funcionamiento del sector p\u00fablico por medios electr\u00f3nicos, la AEPD se responsabiliza de la integridad, veracidad y actualizaci\u00f3n de la informaci\u00f3n y los servicios a los que pueda accederse a trav\u00e9s de su Sede Electr\u00f3nica (<a href=\"https:\/\/sedeagpd.gob.es\/sede-electronica-web\/\" target=\"_blank\" rel=\"noreferrer noopener\">Sede electronica de la AEPD<\/a>).<\/p>\n\n\n\n<h3 class=\"wp-block-heading\"><strong>Portal de transparencia<\/strong><\/h3>\n\n\n\n<p>A trav\u00e9s de la informaci\u00f3n publicada en el portal de transparencia, la AEPD atiende de forma peri\u00f3dica y actualizada el principio de publicidad activa establecido por la Ley 19\/2013, de 9 de diciembre, de transparencia, acceso a la informaci\u00f3n p\u00fablica y buen gobierno, con los mecanismos adecuados para facilitar la accesibilidad, la interoperabilidad, la calidad y la reutilizaci\u00f3n de la informaci\u00f3n, as\u00ed como su identificaci\u00f3n y localizaci\u00f3n.<\/p>\n\n\n\n<h3 class=\"wp-block-heading\"><strong>Ley aplicable<\/strong><\/h3>\n\n\n\n<p>La ley aplicable en caso de disputa o conflicto de interpretaci\u00f3n de los t\u00e9rminos que conforman este aviso legal, as\u00ed como cualquier cuesti\u00f3n relacionada con los servicios del presente portal, ser\u00e1 la ley espa\u00f1ola.<\/p>\n","protected":false},"excerpt":{"rendered":"<p>\u00daltima modificaci\u00f3n: 8 de Septiembre de 2023 Pol\u00edtica de privacidad A trav\u00e9s de este sitio web no se recaban datos de car\u00e1cter personal de las personas usuarias sin su conocimiento, ni se ceden a terceros. Con la finalidad de ofrecerle el mejor servicio y con el objeto de facilitar el uso, se analizan el n\u00famero [&hellip;]<\/p>\n","protected":false},"author":1,"featured_media":0,"parent":0,"menu_order":0,"comment_status":"closed","ping_status":"open","template":"","meta":{"footnotes":""},"class_list":["post-3","page","type-page","status-publish","hentry"],"jetpack_sharing_enabled":true,"_links":{"self":[{"href":"https:\/\/medicosanitario.com\/index.php\/wp-json\/wp\/v2\/pages\/3","targetHints":{"allow":["GET"]}}],"collection":[{"href":"https:\/\/medicosanitario.com\/index.php\/wp-json\/wp\/v2\/pages"}],"about":[{"href":"https:\/\/medicosanitario.com\/index.php\/wp-json\/wp\/v2\/types\/page"}],"author":[{"embeddable":true,"href":"https:\/\/medicosanitario.com\/index.php\/wp-json\/wp\/v2\/users\/1"}],"replies":[{"embeddable":true,"href":"https:\/\/medicosanitario.com\/index.php\/wp-json\/wp\/v2\/comments?post=3"}],"version-history":[{"count":3,"href":"https:\/\/medicosanitario.com\/index.php\/wp-json\/wp\/v2\/pages\/3\/revisions"}],"predecessor-version":[{"id":947,"href":"https:\/\/medicosanitario.com\/index.php\/wp-json\/wp\/v2\/pages\/3\/revisions\/947"}],"wp:attachment":[{"href":"https:\/\/medicosanitario.com\/index.php\/wp-json\/wp\/v2\/media?parent=3"}],"curies":[{"name":"wp","href":"https:\/\/api.w.org\/{rel}","templated":true}]}}